{"id":10,"date":"2018-12-02T21:09:18","date_gmt":"2018-12-02T21:09:18","guid":{"rendered":"https:\/\/daten-schutz-nrw.de\/?page_id=10"},"modified":"2019-03-13T12:28:59","modified_gmt":"2019-03-13T12:28:59","slug":"ueber-mich","status":"publish","type":"page","link":"https:\/\/daten-schutz-nrw.de\/index.php\/ueber-mich\/","title":{"rendered":"\u00dcber uns"},"content":{"rendered":"<p><img loading=\"lazy\" decoding=\"async\" class=\"alignnone  wp-image-54\" src=\"https:\/\/daten-schutz-nrw.de\/wp-content\/uploads\/2019\/02\/europe-3256079-300x160.jpg\" alt=\"\" width=\"499\" height=\"266\" srcset=\"https:\/\/daten-schutz-nrw.de\/wp-content\/uploads\/2019\/02\/europe-3256079-300x160.jpg 300w, https:\/\/daten-schutz-nrw.de\/wp-content\/uploads\/2019\/02\/europe-3256079-768x409.jpg 768w, https:\/\/daten-schutz-nrw.de\/wp-content\/uploads\/2019\/02\/europe-3256079-1024x545.jpg 1024w, https:\/\/daten-schutz-nrw.de\/wp-content\/uploads\/2019\/02\/europe-3256079-1920x1021.jpg 1920w\" sizes=\"auto, (max-width: 499px) 100vw, 499px\" \/><\/p>\n<h3><strong>Daten Schutz NRW<\/strong><\/h3>\n<h3>Gr\u00fcndung 2019 als Startup im Bereich Datenschutz und\u00a0 Online Security<\/h3>\n<h3>Qualifikationen unsere Mitarbeiter<\/h3>\n<ul>\n<li><strong>Fachkraft f\u00fcr Qualit\u00e4t<\/strong><\/li>\n<li><strong>Qualit\u00e4tsbeauftragter<\/strong><\/li>\n<li><strong>Qualit\u00e4tsmanager<\/strong><\/li>\n<li><strong>Qualit\u00e4tsauditor (intern und extern)<\/strong><\/li>\n<li><strong>Projektmanager<\/strong><\/li>\n<li><strong>Prozessmanager<\/strong><\/li>\n<li><strong>Datenschutzbeauftragter<\/strong><\/li>\n<li><strong>Datenschutzmanager<\/strong><\/li>\n<\/ul>\n","protected":false},"excerpt":{"rendered":"<p>Daten Schutz NRW Gr\u00fcndung 2019 als Startup im Bereich Datenschutz und\u00a0 Online Security Qualifikationen unsere Mitarbeiter Fachkraft f\u00fcr Qualit\u00e4t Qualit\u00e4tsbeauftragter Qualit\u00e4tsmanager Qualit\u00e4tsauditor (intern und extern) Projektmanager Prozessmanager Datenschutzbeauftragter Datenschutzmanager<\/p>\n","protected":false},"author":1,"featured_media":0,"parent":0,"menu_order":0,"comment_status":"closed","ping_status":"closed","template":"","meta":{"footnotes":""},"class_list":["post-10","page","type-page","status-publish","hentry"],"yoast_head":"<!-- This site is optimized with the Yoast SEO plugin v24.5 - https:\/\/yoast.com\/wordpress\/plugins\/seo\/ -->\n<title>\u00dcber uns - Datenschutz NRW<\/title>\n<meta name=\"robots\" content=\"index, follow, max-snippet:-1, max-image-preview:large, max-video-preview:-1\" \/>\n<link rel=\"canonical\" href=\"https:\/\/daten-schutz-nrw.de\/index.php\/ueber-mich\/\" \/>\n<meta property=\"og:locale\" content=\"de_DE\" \/>\n<meta property=\"og:type\" content=\"article\" \/>\n<meta property=\"og:title\" content=\"\u00dcber uns - Datenschutz NRW\" \/>\n<meta property=\"og:description\" content=\"Daten Schutz NRW Gr\u00fcndung 2019 als Startup im Bereich Datenschutz und\u00a0 Online Security Qualifikationen unsere Mitarbeiter Fachkraft f\u00fcr Qualit\u00e4t Qualit\u00e4tsbeauftragter Qualit\u00e4tsmanager Qualit\u00e4tsauditor (intern und extern) Projektmanager Prozessmanager Datenschutzbeauftragter Datenschutzmanager\" \/>\n<meta property=\"og:url\" content=\"https:\/\/daten-schutz-nrw.de\/index.php\/ueber-mich\/\" \/>\n<meta property=\"og:site_name\" content=\"Datenschutz NRW\" \/>\n<meta property=\"article:modified_time\" content=\"2019-03-13T12:28:59+00:00\" \/>\n<meta property=\"og:image\" content=\"https:\/\/daten-schutz-nrw.de\/wp-content\/uploads\/2019\/02\/europe-3256079-300x160.jpg\" \/>\n<meta name=\"twitter:card\" content=\"summary_large_image\" \/>\n<script type=\"application\/ld+json\" class=\"yoast-schema-graph\">{\"@context\":\"https:\/\/schema.org\",\"@graph\":[{\"@type\":\"WebPage\",\"@id\":\"https:\/\/daten-schutz-nrw.de\/index.php\/ueber-mich\/\",\"url\":\"https:\/\/daten-schutz-nrw.de\/index.php\/ueber-mich\/\",\"name\":\"\u00dcber uns - Datenschutz NRW\",\"isPartOf\":{\"@id\":\"https:\/\/daten-schutz-nrw.de\/#website\"},\"primaryImageOfPage\":{\"@id\":\"https:\/\/daten-schutz-nrw.de\/index.php\/ueber-mich\/#primaryimage\"},\"image\":{\"@id\":\"https:\/\/daten-schutz-nrw.de\/index.php\/ueber-mich\/#primaryimage\"},\"thumbnailUrl\":\"https:\/\/daten-schutz-nrw.de\/wp-content\/uploads\/2019\/02\/europe-3256079-300x160.jpg\",\"datePublished\":\"2018-12-02T21:09:18+00:00\",\"dateModified\":\"2019-03-13T12:28:59+00:00\",\"breadcrumb\":{\"@id\":\"https:\/\/daten-schutz-nrw.de\/index.php\/ueber-mich\/#breadcrumb\"},\"inLanguage\":\"de\",\"potentialAction\":[{\"@type\":\"ReadAction\",\"target\":[\"https:\/\/daten-schutz-nrw.de\/index.php\/ueber-mich\/\"]}]},{\"@type\":\"ImageObject\",\"inLanguage\":\"de\",\"@id\":\"https:\/\/daten-schutz-nrw.de\/index.php\/ueber-mich\/#primaryimage\",\"url\":\"https:\/\/daten-schutz-nrw.de\/wp-content\/uploads\/2019\/02\/europe-3256079.jpg\",\"contentUrl\":\"https:\/\/daten-schutz-nrw.de\/wp-content\/uploads\/2019\/02\/europe-3256079.jpg\",\"width\":2299,\"height\":1223},{\"@type\":\"BreadcrumbList\",\"@id\":\"https:\/\/daten-schutz-nrw.de\/index.php\/ueber-mich\/#breadcrumb\",\"itemListElement\":[{\"@type\":\"ListItem\",\"position\":1,\"name\":\"Home\",\"item\":\"https:\/\/daten-schutz-nrw.de\/\"},{\"@type\":\"ListItem\",\"position\":2,\"name\":\"\u00dcber uns\"}]},{\"@type\":\"WebSite\",\"@id\":\"https:\/\/daten-schutz-nrw.de\/#website\",\"url\":\"https:\/\/daten-schutz-nrw.de\/\",\"name\":\"Datenschutz NRW\",\"description\":\"\",\"publisher\":{\"@id\":\"https:\/\/daten-schutz-nrw.de\/#organization\"},\"potentialAction\":[{\"@type\":\"SearchAction\",\"target\":{\"@type\":\"EntryPoint\",\"urlTemplate\":\"https:\/\/daten-schutz-nrw.de\/?s={search_term_string}\"},\"query-input\":{\"@type\":\"PropertyValueSpecification\",\"valueRequired\":true,\"valueName\":\"search_term_string\"}}],\"inLanguage\":\"de\"},{\"@type\":\"Organization\",\"@id\":\"https:\/\/daten-schutz-nrw.de\/#organization\",\"name\":\"Daten Schutz NRW\",\"url\":\"https:\/\/daten-schutz-nrw.de\/\",\"logo\":{\"@type\":\"ImageObject\",\"inLanguage\":\"de\",\"@id\":\"https:\/\/daten-schutz-nrw.de\/#\/schema\/logo\/image\/\",\"url\":\"https:\/\/daten-schutz-nrw.de\/wp-content\/uploads\/2019\/03\/businessman-2606502.jpg\",\"contentUrl\":\"https:\/\/daten-schutz-nrw.de\/wp-content\/uploads\/2019\/03\/businessman-2606502.jpg\",\"width\":4200,\"height\":1813,\"caption\":\"Daten Schutz NRW\"},\"image\":{\"@id\":\"https:\/\/daten-schutz-nrw.de\/#\/schema\/logo\/image\/\"}}]}<\/script>\n<!-- \/ Yoast SEO plugin. -->","yoast_head_json":{"title":"\u00dcber uns - Datenschutz NRW","robots":{"index":"index","follow":"follow","max-snippet":"max-snippet:-1","max-image-preview":"max-image-preview:large","max-video-preview":"max-video-preview:-1"},"canonical":"https:\/\/daten-schutz-nrw.de\/index.php\/ueber-mich\/","og_locale":"de_DE","og_type":"article","og_title":"\u00dcber uns - Datenschutz NRW","og_description":"Daten Schutz NRW Gr\u00fcndung 2019 als Startup im Bereich Datenschutz und\u00a0 Online Security Qualifikationen unsere Mitarbeiter Fachkraft f\u00fcr Qualit\u00e4t Qualit\u00e4tsbeauftragter Qualit\u00e4tsmanager Qualit\u00e4tsauditor (intern und extern) Projektmanager Prozessmanager Datenschutzbeauftragter Datenschutzmanager","og_url":"https:\/\/daten-schutz-nrw.de\/index.php\/ueber-mich\/","og_site_name":"Datenschutz NRW","article_modified_time":"2019-03-13T12:28:59+00:00","og_image":[{"url":"https:\/\/daten-schutz-nrw.de\/wp-content\/uploads\/2019\/02\/europe-3256079-300x160.jpg","type":"","width":"","height":""}],"twitter_card":"summary_large_image","schema":{"@context":"https:\/\/schema.org","@graph":[{"@type":"WebPage","@id":"https:\/\/daten-schutz-nrw.de\/index.php\/ueber-mich\/","url":"https:\/\/daten-schutz-nrw.de\/index.php\/ueber-mich\/","name":"\u00dcber uns - Datenschutz NRW","isPartOf":{"@id":"https:\/\/daten-schutz-nrw.de\/#website"},"primaryImageOfPage":{"@id":"https:\/\/daten-schutz-nrw.de\/index.php\/ueber-mich\/#primaryimage"},"image":{"@id":"https:\/\/daten-schutz-nrw.de\/index.php\/ueber-mich\/#primaryimage"},"thumbnailUrl":"https:\/\/daten-schutz-nrw.de\/wp-content\/uploads\/2019\/02\/europe-3256079-300x160.jpg","datePublished":"2018-12-02T21:09:18+00:00","dateModified":"2019-03-13T12:28:59+00:00","breadcrumb":{"@id":"https:\/\/daten-schutz-nrw.de\/index.php\/ueber-mich\/#breadcrumb"},"inLanguage":"de","potentialAction":[{"@type":"ReadAction","target":["https:\/\/daten-schutz-nrw.de\/index.php\/ueber-mich\/"]}]},{"@type":"ImageObject","inLanguage":"de","@id":"https:\/\/daten-schutz-nrw.de\/index.php\/ueber-mich\/#primaryimage","url":"https:\/\/daten-schutz-nrw.de\/wp-content\/uploads\/2019\/02\/europe-3256079.jpg","contentUrl":"https:\/\/daten-schutz-nrw.de\/wp-content\/uploads\/2019\/02\/europe-3256079.jpg","width":2299,"height":1223},{"@type":"BreadcrumbList","@id":"https:\/\/daten-schutz-nrw.de\/index.php\/ueber-mich\/#breadcrumb","itemListElement":[{"@type":"ListItem","position":1,"name":"Home","item":"https:\/\/daten-schutz-nrw.de\/"},{"@type":"ListItem","position":2,"name":"\u00dcber uns"}]},{"@type":"WebSite","@id":"https:\/\/daten-schutz-nrw.de\/#website","url":"https:\/\/daten-schutz-nrw.de\/","name":"Datenschutz NRW","description":"","publisher":{"@id":"https:\/\/daten-schutz-nrw.de\/#organization"},"potentialAction":[{"@type":"SearchAction","target":{"@type":"EntryPoint","urlTemplate":"https:\/\/daten-schutz-nrw.de\/?s={search_term_string}"},"query-input":{"@type":"PropertyValueSpecification","valueRequired":true,"valueName":"search_term_string"}}],"inLanguage":"de"},{"@type":"Organization","@id":"https:\/\/daten-schutz-nrw.de\/#organization","name":"Daten Schutz NRW","url":"https:\/\/daten-schutz-nrw.de\/","logo":{"@type":"ImageObject","inLanguage":"de","@id":"https:\/\/daten-schutz-nrw.de\/#\/schema\/logo\/image\/","url":"https:\/\/daten-schutz-nrw.de\/wp-content\/uploads\/2019\/03\/businessman-2606502.jpg","contentUrl":"https:\/\/daten-schutz-nrw.de\/wp-content\/uploads\/2019\/03\/businessman-2606502.jpg","width":4200,"height":1813,"caption":"Daten Schutz NRW"},"image":{"@id":"https:\/\/daten-schutz-nrw.de\/#\/schema\/logo\/image\/"}}]}},"_links":{"self":[{"href":"https:\/\/daten-schutz-nrw.de\/index.php\/wp-json\/wp\/v2\/pages\/10","targetHints":{"allow":["GET"]}}],"collection":[{"href":"https:\/\/daten-schutz-nrw.de\/index.php\/wp-json\/wp\/v2\/pages"}],"about":[{"href":"https:\/\/daten-schutz-nrw.de\/index.php\/wp-json\/wp\/v2\/types\/page"}],"author":[{"embeddable":true,"href":"https:\/\/daten-schutz-nrw.de\/index.php\/wp-json\/wp\/v2\/users\/1"}],"replies":[{"embeddable":true,"href":"https:\/\/daten-schutz-nrw.de\/index.php\/wp-json\/wp\/v2\/comments?post=10"}],"version-history":[{"count":4,"href":"https:\/\/daten-schutz-nrw.de\/index.php\/wp-json\/wp\/v2\/pages\/10\/revisions"}],"predecessor-version":[{"id":131,"href":"https:\/\/daten-schutz-nrw.de\/index.php\/wp-json\/wp\/v2\/pages\/10\/revisions\/131"}],"wp:attachment":[{"href":"https:\/\/daten-schutz-nrw.de\/index.php\/wp-json\/wp\/v2\/media?parent=10"}],"curies":[{"name":"wp","href":"https:\/\/api.w.org\/{rel}","templated":true}]}}