{"id":13,"date":"2018-12-02T21:09:18","date_gmt":"2018-12-02T21:09:18","guid":{"rendered":"https:\/\/daten-schutz-nrw.de\/?page_id=13"},"modified":"2025-03-09T01:26:11","modified_gmt":"2025-03-09T01:26:11","slug":"ein-startseiten-abschnitt","status":"publish","type":"page","link":"https:\/\/daten-schutz-nrw.de\/index.php\/ein-startseiten-abschnitt\/","title":{"rendered":"Datenschutzerkl\u00e4rung"},"content":{"rendered":"<div id=\"initial-content-section\" class=\"content-section content-section-spacing\" data-id=\"initial-content-section\" data-export-id=\"initial-content-section\" data-label=\"Initial Content\">\n<div class=\"gridContainer\">\n<div class=\"row\">\n<div class=\"col-xs-12 col-sm-12\">\n<p>Personenbezogene Daten (nachfolgend zumeist nur \u201eDaten\u201c genannt) werden von uns nur im Rahmen der Erforderlichkeit sowie zum Zwecke der Bereitstellung eines funktionsf\u00e4higen und nutzerfreundlichen Internetauftritts, inklusive seiner Inhalte und der dort angebotenen Leistungen, verarbeitet. Wir handeln hierbei nach dem Prinzip der Datensparsamkeit und erheben nur so wenig Daten wie f\u00fcr den jeweiligen Zweck erforderlich.<\/p>\n<p>Gem\u00e4\u00df Art. 4 Ziffer 1. der Datenschutz-Grundverordnung (nachfolgend nur \u201eDSGVO\u201c genannt), gilt als \u201eVerarbeitung\u201c jeder mit oder ohne Hilfe automatisierter Verfahren ausgef\u00fchrter Vorgang oder jede solche Vorgangsreihe im Zusammenhang mit personenbezogenen Daten, wie das Erheben, das Erfassen, die Organisation, das Ordnen, die Speicherung, die Anpassung oder Ver\u00e4nderung, das Auslesen, das Abfragen, die Verwendung, die Offenlegung durch \u00dcbermittlung, Verbreitung oder eine andere Form der Bereitstellung, den Abgleich oder die Verkn\u00fcpfung, die Einschr\u00e4nkung, das L\u00f6schen oder die Vernichtung.<\/p>\n<p>Mit der nachfolgenden Datenschutzerkl\u00e4rung informieren wir (Daten-Schutz-Nrw) Sie insbesondere \u00fcber Art, Umfang, Zweck, Dauer und Rechtsgrundlage der Verarbeitung personenbezogener Daten, soweit wir entweder allein oder gemeinsam mit anderen \u00fcber die Zwecke und Mittel der Verarbeitung entscheiden.<\/p>\n<p>Des Weiteren informieren wir Sie nachfolgend \u00fcber die von uns zu Optimierungszwecken sowie zur Steigerung der Nutzungsqualit\u00e4t eingesetzten Fremdkomponenten, soweit hierdurch Dritte Daten in wiederum eigener Verantwortung verarbeiten.<\/p>\n<h6><strong>Verantwortlicher<\/strong><\/h6>\n<h4>Daten Schutz NRW<\/h4>\n<p>Fr\u00f6belstr. 49<\/p>\n<p>47053 Duisburg<\/p>\n<p>Gesch\u00e4ftsleitung: J\u00f6rn Schade<\/p>\n<p>Telefon : 0203\/8071438<\/p>\n<p>E-Mail: info@daten-schutz\u00a0<\/p>\n<p>Internet: www.daten-schutz-nrw.de<\/p>\n<h6><strong>Wie erfassen wir Ihre Daten?<\/strong><\/h6>\n<p>Ihre Daten werden zum einen dadurch erhoben, dass Sie uns diese mitteilen. Hierbei kann es sich z.B. um Daten handeln, die Sie in unser Kontaktformular eingeben.<br \/>Andere Daten werden automatisch beim Besuch der Website durch unsere IT-Systeme erfasst. Das sind vor allem technische Daten (z.B. Internetbrowser, Betriebssystem oder Uhrzeit des Seitenaufrufs).<\/p>\n<p>Die Erfassung dieser Daten erfolgt automatisch, sobald Sie unsere Website betreten.<\/p>\n<h6><strong>Wof\u00fcr nutzen wir Ihre Daten?<\/strong><\/h6>\n<p>Ein Teil der Daten wird erhoben, um eine fehlerfreie Bereitstellung der Website zu gew\u00e4hrleisten. Andere Daten k\u00f6nnen zur Analyse Ihres Nutzerverhaltens verwendet werden.<\/p>\n<h6><strong>Welche Rechte haben Sie bez\u00fcglich Ihrer Daten?<\/strong><\/h6>\n<p>Sie haben jederzeit das Recht unentgeltlich Auskunft \u00fcber Herkunft, Empf\u00e4nger und Zweck Ihrer<br \/>gespeicherten personenbezogenen Daten zu erhalten. Sie haben au\u00dferdem ein Recht, die Berichtigung, Sperrung oder L\u00f6schung dieser Daten zu verlangen. Hierzu sowie zu weiteren Fragen zum Thema Datenschutz k\u00f6nnen Sie sich jederzeit unter mailto:info@daten-schutz.de an uns wenden. Des Weiteren steht Ihnen ein Beschwerderecht bei der zust\u00e4ndigen Aufsichtsbeh\u00f6rde zu.<br \/>Au\u00dferdem haben Sie das Recht, unter bestimmten Umst\u00e4nden die Einschr\u00e4nkung der Verarbeitung Ihrer personenbezogenen Daten zu verlangen.<\/p>\n<h6><strong>Cookies<\/strong><\/h6>\n<p>a) Sitzungs Cookies\/ Session Cookies<br \/>Wir verwenden mit unserem Internetauftritt sog. Cookies. Cookies sind kleine Textdateien oder andere Speichertechnologien, die durch den von Ihnen eingesetzten Internet-Browser auf Ihrem Endger\u00e4t ablegt und gespeichert werden. Durch diese Cookies werden im individuellen Umfang bestimmte Informationen von Ihnen, wie beispielsweise Ihre Browser- oder Standortdaten oder Ihre IP-Adresse, verarbeitet.<br \/>Durch diese Verarbeitung wird unser Internetauftritt benutzerfreundlicher, effektiver und sicherer, da die Verarbeitung bspw. die Wiedergabe unseres Internetauftritts in unterschiedlichen Sprachen oder das Angebot einer Warenkorbfunktion erm\u00f6glicht.<br \/>Rechtsgrundlage dieser Verarbeitung ist Art. 6 Abs. 1 lit b.) DSGVO, sofern diese Cookies Daten zur Vertragsanbahnung oder Vertragsabwicklung verarbeitet werden.<br \/>Falls die Verarbeitung nicht der Vertragsanbahnung oder Vertragsabwicklung dient, liegt unser berechtigtes Interesse in der Verbesserung der Funktionalit\u00e4t unseres Internetauftritts. Rechtsgrundlage ist in dann Art. 6 Abs. 1 lit. f) DSGVO.<br \/>Mit Schlie\u00dfen Ihres Internet-Browsers werden diese Session-Cookies gel\u00f6scht.<\/p>\n<p>b) Drittanbieter Cookies<br \/>Gegebenenfalls werden mit unserem Internetauftritt auch Cookies von Partnerunternehmen, mit denen wir zum Zwecke der Werbung, der Analyse oder der Funktionalit\u00e4ten unseres Internetauftritts zusammenarbeiten, verwendet.<br \/>Die Einzelheiten hierzu, insbesondere zu den Zwecken und den Rechtsgrundlagen der Verarbeitung solcher Drittanbieter-Cookies, entnehmen Sie bitte den nachfolgenden Informationen.<\/p>\n<p>c) Beseitigungs- und Bearbeitungs-M\u00f6glichkeit<br \/>Sie k\u00f6nnen die Installation der Cookies durch eine Einstellung Ihres Internet-Browsers verhindern, anpassen oder einschr\u00e4nken. Ebenfalls k\u00f6nnen Sie bereits gespeicherte Cookies jederzeit l\u00f6schen. Die hierf\u00fcr erforderlichen Schritte und Ma\u00dfnahmen h\u00e4ngen jedoch von Ihrem konkret genutzten Internet-Browser ab. Bei Fragen benutzen Sie daher bitte die Hilfefunktion oder Dokumentation Ihres jeweiligen Internet-Browsers oder wenden sich an dessen Hersteller bzw. Support. Bei sogenannten Flash-Cookies kann die Verarbeitung allerdings nicht \u00fcber die Einstellungen des Browsers unterbunden werden. Stattdessen m\u00fcssen Sie insoweit die Einstellung Ihres jeweiligen (meist Adobe)Flash-Players \u00e4ndern. Auch die hierf\u00fcr erforderlichen Schritte und Einstellungen h\u00e4ngen von Ihrem konkret genutzten Flash-Player ab.<br \/>Sollten Sie die Installation der Cookies verhindern oder einschr\u00e4nken, kann dies allerdings dazu f\u00fchren, dass nicht s\u00e4mtliche Funktionen unseres Internetauftritts vollumf\u00e4nglich nutzbar sind.<\/p>\n<h6><strong>Kontaktanfragen \/ Kontaktm\u00f6glichkeit<\/strong><\/h6>\n<p>Sofern Sie per Kontaktformular oder E-Mail mit uns in Kontakt treten, werden die dabei von Ihnen angegebenen Daten zur Bearbeitung und Weiterleitung Ihrer Anfrage genutzt. Die Angabe der Daten ist zur Bearbeitung und Beantwortung Ihre Anfrage erforderlich, das bedeutet ohne deren Bereitstellung k\u00f6nnen wir Ihre Anfrage nicht oder allenfalls stark eingeschr\u00e4nkt beantworten.<br \/>Rechtsgrundlage f\u00fcr diese Art der Verarbeitung ist Art. 6 Abs. 1 lit. b) DSGVO.<br \/>Ihre Daten werden gel\u00f6scht, sofern Ihre Anfrage abschlie\u00dfend beantwortet worden ist und der L\u00f6schung keine gesetzlichen Aufbewahrungspflichten entgegenstehen, wie zum Beispiel bei einer sich etwaig anschlie\u00dfenden Vertragsabwicklung.<\/p>\n<h6><strong>Google-Analytics<\/strong><\/h6>\n<p>In unserem Internetauftritt setzen wir zur Analyse Google Analytics ein. Hierbei handelt es sich um einen Webanalysedienst der Google LLC, 1600 Amphitheatre Parkway, Mountain View, CA 94043 USA, nachfolgend nur \u201eGoogle\u201c genannt.<br \/>Durch die Zertifizierung nach dem EU-US-Datenschutzschild (\u201eEU-US Privacy Shield\u201c)<br \/>https:\/\/www.privacyshield.gov\/participant?id=a2zt000000001L5AAI&amp;status=Active<br \/>garantiert Google, dass die Datenschutzvorgaben der EU auch bei der Verarbeitung von Daten in den USA eingehalten werden.<\/p>\n<p>Der Dienst Google Analytics dient zur Analyse des Nutzungsverhaltens der Besucher unseres Internetauftritts. Rechtsgrundlage ist Art. 6 Abs. 1 lit. f) DSGVO. Unser berechtigtes Interesse liegt in der Analyse, Optimierung , der Stabilit\u00e4t und dem wirtschaftlichen Betrieb unseres Internetauftritts.<\/p>\n<p>Nutzungs- und nutzerbezogene Informationen, wie zum Beispiel die IP-Adresse, Ort, Zeit oder H\u00e4ufigkeit des Besuchs unseres Internetauftritts, werden dabei an einen der Server von Google in den USA \u00fcbertragen und dort gespeichert. Allerdings nutzen wir Google Analytics mit der sog. Anonymisierungsfunktion. Durch diese Funktion k\u00fcrzt Google die IP-Adresse schon innerhalb der Europ\u00e4ischen Union bzw. des Europ\u00e4ischen Wirtschaftsraums.<\/p>\n<p>Die so erhobenen Daten werden wiederum von Google genutzt, um uns eine Auswertung \u00fcber den Besuch unseres Internetauftritts sowie \u00fcber die dortigen Nutzungsaktivit\u00e4ten zur Verf\u00fcgung zu stellen. Auch k\u00f6nnen diese Daten genutzt werden, um weitere Dienstleistungen zu erbringen, die mit der Nutzung unseres Internetauftritts und der Nutzung des Internets zusammenh\u00e4ngen k\u00f6nnen.<br \/>Google gibt an, Ihre IP-Adresse nicht mit anderen Daten zu verbinden. Zudem h\u00e4lt Google unter<br \/>https:\/\/www.google.com\/intl\/de\/policies\/privacy\/partners<br \/>weitere datenschutzrechtliche Informationen und der M\u00f6glichkeit diese zu unterbinden f\u00fcr Sie bereit. Zudem bietet Google unter<br \/>https:\/\/tools.google.com\/dlpage\/gaoptout?hl=de<br \/>ein sog. Deaktivierungs-Add-on nebst weiteren Informationen hierzu an. Dieses Add-on l\u00e4sst sich mit den g\u00e4ngigen Internet-Browsern installieren und bietet Ihnen weitergehende Kontrollm\u00f6glichkeit \u00fcber die Daten und Informationen, die Google bei Aufruf unseres Internetauftritts erfasst. Dabei teilt das Add-on dem JavaScript (ga.js) von Google Analytics mit, dass Informationen zum Besuch unseres Internetauftritts nicht an Google Analytics \u00fcbermittelt werden sollen. Dies verhindert aber nicht, dass Informationen an uns oder an andere Webanalysedienste \u00fcbermittelt werden. Ob und welche weiteren Webanalysedienste von uns eingesetzt werden, erfahren Sie nat\u00fcrlich ebenfalls in dieser Datenschutzerkl\u00e4rung.<\/p>\n<h6><strong>Sicherheitsma\u00dfnahmen<\/strong><\/h6>\n<p>Wir treffen orientiert an der gesetzlichen Vorgaben und unter Ber\u00fccksichtigung des Stands der Technik, der Implementierungskosten und der Art, des Umfangs, der Umst\u00e4nde und der Zwecke der Verarbeitung sowie der unterschiedlichen Eintrittswahrscheinlichkeit und Schwere des Risikos f\u00fcr nat\u00fcrliche Personen, geeignete TOMs (technische und organisatorische Ma\u00dfnahmen), um ein dem jeweiligen Risiko angemessenes Schutzniveau zu gew\u00e4hrleisten.<\/p>\n<p><strong>Sollten sie irgendwelche Fragen zu ihren Daten haben, oder Informationen zum Datenschutz ben\u00f6tigen, wenden sie sich an unseren Datenschutzbeauftragten<\/strong><\/p>\n<p>\u00a0<\/p>\n<\/div>\n<\/div>\n<\/div>\n<\/div>\n\n\n<\/p>\r\n<p>\n\n\n<\/p><\/div>\n<\/p><\/div>\n<\/p><\/div>\n<\/div>","protected":false},"excerpt":{"rendered":"<p>Personenbezogene Daten (nachfolgend zumeist nur \u201eDaten\u201c genannt) werden von uns nur im Rahmen der Erforderlichkeit sowie zum Zwecke der Bereitstellung eines funktionsf\u00e4higen und nutzerfreundlichen Internetauftritts, inklusive seiner Inhalte und der dort angebotenen Leistungen, verarbeitet. Wir handeln hierbei nach dem Prinzip der Datensparsamkeit und erheben nur so wenig Daten wie f\u00fcr den jeweiligen Zweck erforderlich. Gem\u00e4\u00df&hellip; <br \/> <a class=\"read-more\" href=\"https:\/\/daten-schutz-nrw.de\/index.php\/ein-startseiten-abschnitt\/\">Weiterlesen<\/a><\/p>\n","protected":false},"author":1,"featured_media":159,"parent":0,"menu_order":0,"comment_status":"closed","ping_status":"closed","template":"pro\/page-templates\/full-width-page.php","meta":{"footnotes":""},"class_list":["post-13","page","type-page","status-publish","has-post-thumbnail","hentry"],"yoast_head":"<!-- This site is optimized with the Yoast SEO plugin v24.5 - https:\/\/yoast.com\/wordpress\/plugins\/seo\/ -->\n<title>Datenschutzerkl\u00e4rung - Datenschutz NRW<\/title>\n<meta name=\"robots\" content=\"index, follow, max-snippet:-1, max-image-preview:large, max-video-preview:-1\" \/>\n<link rel=\"canonical\" href=\"https:\/\/daten-schutz-nrw.de\/index.php\/ein-startseiten-abschnitt\/\" \/>\n<meta property=\"og:locale\" content=\"de_DE\" \/>\n<meta property=\"og:type\" content=\"article\" \/>\n<meta property=\"og:title\" content=\"Datenschutzerkl\u00e4rung - Datenschutz NRW\" \/>\n<meta property=\"og:description\" content=\"Personenbezogene Daten (nachfolgend zumeist nur \u201eDaten\u201c genannt) werden von uns nur im Rahmen der Erforderlichkeit sowie zum Zwecke der Bereitstellung eines funktionsf\u00e4higen und nutzerfreundlichen Internetauftritts, inklusive seiner Inhalte und der dort angebotenen Leistungen, verarbeitet. Wir handeln hierbei nach dem Prinzip der Datensparsamkeit und erheben nur so wenig Daten wie f\u00fcr den jeweiligen Zweck erforderlich. Gem\u00e4\u00df&hellip; Weiterlesen\" \/>\n<meta property=\"og:url\" content=\"https:\/\/daten-schutz-nrw.de\/index.php\/ein-startseiten-abschnitt\/\" \/>\n<meta property=\"og:site_name\" content=\"Datenschutz NRW\" \/>\n<meta property=\"article:modified_time\" content=\"2025-03-09T01:26:11+00:00\" \/>\n<meta property=\"og:image\" content=\"https:\/\/daten-schutz-nrw.de\/wp-content\/uploads\/2019\/03\/security-3994239.jpg\" \/>\n\t<meta property=\"og:image:width\" content=\"6000\" \/>\n\t<meta property=\"og:image:height\" content=\"2670\" \/>\n\t<meta property=\"og:image:type\" content=\"image\/jpeg\" \/>\n<meta name=\"twitter:card\" content=\"summary_large_image\" \/>\n<meta name=\"twitter:label1\" content=\"Gesch\u00e4tzte Lesezeit\" \/>\n\t<meta name=\"twitter:data1\" content=\"7\u00a0Minuten\" \/>\n<script type=\"application\/ld+json\" class=\"yoast-schema-graph\">{\"@context\":\"https:\/\/schema.org\",\"@graph\":[{\"@type\":\"WebPage\",\"@id\":\"https:\/\/daten-schutz-nrw.de\/index.php\/ein-startseiten-abschnitt\/\",\"url\":\"https:\/\/daten-schutz-nrw.de\/index.php\/ein-startseiten-abschnitt\/\",\"name\":\"Datenschutzerkl\u00e4rung - Datenschutz NRW\",\"isPartOf\":{\"@id\":\"https:\/\/daten-schutz-nrw.de\/#website\"},\"primaryImageOfPage\":{\"@id\":\"https:\/\/daten-schutz-nrw.de\/index.php\/ein-startseiten-abschnitt\/#primaryimage\"},\"image\":{\"@id\":\"https:\/\/daten-schutz-nrw.de\/index.php\/ein-startseiten-abschnitt\/#primaryimage\"},\"thumbnailUrl\":\"https:\/\/daten-schutz-nrw.de\/wp-content\/uploads\/2019\/03\/security-3994239.jpg\",\"datePublished\":\"2018-12-02T21:09:18+00:00\",\"dateModified\":\"2025-03-09T01:26:11+00:00\",\"breadcrumb\":{\"@id\":\"https:\/\/daten-schutz-nrw.de\/index.php\/ein-startseiten-abschnitt\/#breadcrumb\"},\"inLanguage\":\"de\",\"potentialAction\":[{\"@type\":\"ReadAction\",\"target\":[\"https:\/\/daten-schutz-nrw.de\/index.php\/ein-startseiten-abschnitt\/\"]}]},{\"@type\":\"ImageObject\",\"inLanguage\":\"de\",\"@id\":\"https:\/\/daten-schutz-nrw.de\/index.php\/ein-startseiten-abschnitt\/#primaryimage\",\"url\":\"https:\/\/daten-schutz-nrw.de\/wp-content\/uploads\/2019\/03\/security-3994239.jpg\",\"contentUrl\":\"https:\/\/daten-schutz-nrw.de\/wp-content\/uploads\/2019\/03\/security-3994239.jpg\",\"width\":6000,\"height\":2670},{\"@type\":\"BreadcrumbList\",\"@id\":\"https:\/\/daten-schutz-nrw.de\/index.php\/ein-startseiten-abschnitt\/#breadcrumb\",\"itemListElement\":[{\"@type\":\"ListItem\",\"position\":1,\"name\":\"Home\",\"item\":\"https:\/\/daten-schutz-nrw.de\/\"},{\"@type\":\"ListItem\",\"position\":2,\"name\":\"Datenschutzerkl\u00e4rung\"}]},{\"@type\":\"WebSite\",\"@id\":\"https:\/\/daten-schutz-nrw.de\/#website\",\"url\":\"https:\/\/daten-schutz-nrw.de\/\",\"name\":\"Datenschutz NRW\",\"description\":\"\",\"publisher\":{\"@id\":\"https:\/\/daten-schutz-nrw.de\/#organization\"},\"potentialAction\":[{\"@type\":\"SearchAction\",\"target\":{\"@type\":\"EntryPoint\",\"urlTemplate\":\"https:\/\/daten-schutz-nrw.de\/?s={search_term_string}\"},\"query-input\":{\"@type\":\"PropertyValueSpecification\",\"valueRequired\":true,\"valueName\":\"search_term_string\"}}],\"inLanguage\":\"de\"},{\"@type\":\"Organization\",\"@id\":\"https:\/\/daten-schutz-nrw.de\/#organization\",\"name\":\"Daten Schutz NRW\",\"url\":\"https:\/\/daten-schutz-nrw.de\/\",\"logo\":{\"@type\":\"ImageObject\",\"inLanguage\":\"de\",\"@id\":\"https:\/\/daten-schutz-nrw.de\/#\/schema\/logo\/image\/\",\"url\":\"https:\/\/daten-schutz-nrw.de\/wp-content\/uploads\/2019\/03\/businessman-2606502.jpg\",\"contentUrl\":\"https:\/\/daten-schutz-nrw.de\/wp-content\/uploads\/2019\/03\/businessman-2606502.jpg\",\"width\":4200,\"height\":1813,\"caption\":\"Daten Schutz NRW\"},\"image\":{\"@id\":\"https:\/\/daten-schutz-nrw.de\/#\/schema\/logo\/image\/\"}}]}<\/script>\n<!-- \/ Yoast SEO plugin. -->","yoast_head_json":{"title":"Datenschutzerkl\u00e4rung - Datenschutz NRW","robots":{"index":"index","follow":"follow","max-snippet":"max-snippet:-1","max-image-preview":"max-image-preview:large","max-video-preview":"max-video-preview:-1"},"canonical":"https:\/\/daten-schutz-nrw.de\/index.php\/ein-startseiten-abschnitt\/","og_locale":"de_DE","og_type":"article","og_title":"Datenschutzerkl\u00e4rung - Datenschutz NRW","og_description":"Personenbezogene Daten (nachfolgend zumeist nur \u201eDaten\u201c genannt) werden von uns nur im Rahmen der Erforderlichkeit sowie zum Zwecke der Bereitstellung eines funktionsf\u00e4higen und nutzerfreundlichen Internetauftritts, inklusive seiner Inhalte und der dort angebotenen Leistungen, verarbeitet. Wir handeln hierbei nach dem Prinzip der Datensparsamkeit und erheben nur so wenig Daten wie f\u00fcr den jeweiligen Zweck erforderlich. Gem\u00e4\u00df&hellip; Weiterlesen","og_url":"https:\/\/daten-schutz-nrw.de\/index.php\/ein-startseiten-abschnitt\/","og_site_name":"Datenschutz NRW","article_modified_time":"2025-03-09T01:26:11+00:00","og_image":[{"width":6000,"height":2670,"url":"https:\/\/daten-schutz-nrw.de\/wp-content\/uploads\/2019\/03\/security-3994239.jpg","type":"image\/jpeg"}],"twitter_card":"summary_large_image","twitter_misc":{"Gesch\u00e4tzte Lesezeit":"7\u00a0Minuten"},"schema":{"@context":"https:\/\/schema.org","@graph":[{"@type":"WebPage","@id":"https:\/\/daten-schutz-nrw.de\/index.php\/ein-startseiten-abschnitt\/","url":"https:\/\/daten-schutz-nrw.de\/index.php\/ein-startseiten-abschnitt\/","name":"Datenschutzerkl\u00e4rung - Datenschutz NRW","isPartOf":{"@id":"https:\/\/daten-schutz-nrw.de\/#website"},"primaryImageOfPage":{"@id":"https:\/\/daten-schutz-nrw.de\/index.php\/ein-startseiten-abschnitt\/#primaryimage"},"image":{"@id":"https:\/\/daten-schutz-nrw.de\/index.php\/ein-startseiten-abschnitt\/#primaryimage"},"thumbnailUrl":"https:\/\/daten-schutz-nrw.de\/wp-content\/uploads\/2019\/03\/security-3994239.jpg","datePublished":"2018-12-02T21:09:18+00:00","dateModified":"2025-03-09T01:26:11+00:00","breadcrumb":{"@id":"https:\/\/daten-schutz-nrw.de\/index.php\/ein-startseiten-abschnitt\/#breadcrumb"},"inLanguage":"de","potentialAction":[{"@type":"ReadAction","target":["https:\/\/daten-schutz-nrw.de\/index.php\/ein-startseiten-abschnitt\/"]}]},{"@type":"ImageObject","inLanguage":"de","@id":"https:\/\/daten-schutz-nrw.de\/index.php\/ein-startseiten-abschnitt\/#primaryimage","url":"https:\/\/daten-schutz-nrw.de\/wp-content\/uploads\/2019\/03\/security-3994239.jpg","contentUrl":"https:\/\/daten-schutz-nrw.de\/wp-content\/uploads\/2019\/03\/security-3994239.jpg","width":6000,"height":2670},{"@type":"BreadcrumbList","@id":"https:\/\/daten-schutz-nrw.de\/index.php\/ein-startseiten-abschnitt\/#breadcrumb","itemListElement":[{"@type":"ListItem","position":1,"name":"Home","item":"https:\/\/daten-schutz-nrw.de\/"},{"@type":"ListItem","position":2,"name":"Datenschutzerkl\u00e4rung"}]},{"@type":"WebSite","@id":"https:\/\/daten-schutz-nrw.de\/#website","url":"https:\/\/daten-schutz-nrw.de\/","name":"Datenschutz NRW","description":"","publisher":{"@id":"https:\/\/daten-schutz-nrw.de\/#organization"},"potentialAction":[{"@type":"SearchAction","target":{"@type":"EntryPoint","urlTemplate":"https:\/\/daten-schutz-nrw.de\/?s={search_term_string}"},"query-input":{"@type":"PropertyValueSpecification","valueRequired":true,"valueName":"search_term_string"}}],"inLanguage":"de"},{"@type":"Organization","@id":"https:\/\/daten-schutz-nrw.de\/#organization","name":"Daten Schutz NRW","url":"https:\/\/daten-schutz-nrw.de\/","logo":{"@type":"ImageObject","inLanguage":"de","@id":"https:\/\/daten-schutz-nrw.de\/#\/schema\/logo\/image\/","url":"https:\/\/daten-schutz-nrw.de\/wp-content\/uploads\/2019\/03\/businessman-2606502.jpg","contentUrl":"https:\/\/daten-schutz-nrw.de\/wp-content\/uploads\/2019\/03\/businessman-2606502.jpg","width":4200,"height":1813,"caption":"Daten Schutz NRW"},"image":{"@id":"https:\/\/daten-schutz-nrw.de\/#\/schema\/logo\/image\/"}}]}},"_links":{"self":[{"href":"https:\/\/daten-schutz-nrw.de\/index.php\/wp-json\/wp\/v2\/pages\/13","targetHints":{"allow":["GET"]}}],"collection":[{"href":"https:\/\/daten-schutz-nrw.de\/index.php\/wp-json\/wp\/v2\/pages"}],"about":[{"href":"https:\/\/daten-schutz-nrw.de\/index.php\/wp-json\/wp\/v2\/types\/page"}],"author":[{"embeddable":true,"href":"https:\/\/daten-schutz-nrw.de\/index.php\/wp-json\/wp\/v2\/users\/1"}],"replies":[{"embeddable":true,"href":"https:\/\/daten-schutz-nrw.de\/index.php\/wp-json\/wp\/v2\/comments?post=13"}],"version-history":[{"count":9,"href":"https:\/\/daten-schutz-nrw.de\/index.php\/wp-json\/wp\/v2\/pages\/13\/revisions"}],"predecessor-version":[{"id":224,"href":"https:\/\/daten-schutz-nrw.de\/index.php\/wp-json\/wp\/v2\/pages\/13\/revisions\/224"}],"wp:featuredmedia":[{"embeddable":true,"href":"https:\/\/daten-schutz-nrw.de\/index.php\/wp-json\/wp\/v2\/media\/159"}],"wp:attachment":[{"href":"https:\/\/daten-schutz-nrw.de\/index.php\/wp-json\/wp\/v2\/media?parent=13"}],"curies":[{"name":"wp","href":"https:\/\/api.w.org\/{rel}","templated":true}]}}