{"id":132,"date":"2019-03-13T12:33:20","date_gmt":"2019-03-13T12:33:20","guid":{"rendered":"https:\/\/daten-schutz-nrw.de\/?page_id=132"},"modified":"2019-03-13T12:56:38","modified_gmt":"2019-03-13T12:56:38","slug":"warum-datenschutz","status":"publish","type":"page","link":"https:\/\/daten-schutz-nrw.de\/index.php\/warum-datenschutz\/","title":{"rendered":"Warum Datenschutz ?"},"content":{"rendered":"\n<p><strong>Warum ist Datenschutz ein wichtiges Thema, und muss ich mich darum k\u00fcmmern ?<\/strong><\/p>\n\n\n\n<h2 class=\"wp-block-heading\">Datenschutz geht uns alle an<\/h2>\n\n\n\n<p class=\"has-text-color has-background has-very-light-gray-color has-vivid-cyan-blue-background-color\"><strong>Mit der Einf\u00fchrung der DatenSchutzGrundVerordnung (DSGVO) hat die EU ein Rahmengesetz geschaffen das Unternehmen in die Pflicht nimmt sich aktiv um den Schutz der Daten zu k\u00fcmmern. Ein Programm an Straf und Sanktionsmassnahmen, bis hin zu horenden Strafzahlungen macht es Notwendig sich zum Schutz des eigenen Unternhemens dem Thema zu widmen. Als Privatperson besteht in den Zeiten der Cyberkriminalit\u00e4t, der gl\u00e4srenen B\u00fcrgers, &#8230; ein Interesse  vor allem zu steueren wer Sensible Daten erh\u00e4lt und wie man sich vor Missbrauch sch\u00fctzen kann.<\/strong><\/p>\n\n\n\n<p class=\"has-text-color has-background has-vivid-cyan-blue-color has-very-dark-gray-background-color\"><strong>Wir leben in einer Welt von Daten\nund Informationen. <\/strong><\/p>\n\n\n\n<p class=\"has-text-color has-background has-very-light-gray-color has-vivid-cyan-blue-background-color\"><strong>Daten und Informationen stellen\neinen (finanziellen) Wert dar. <\/strong><\/p>\n\n\n\n<p class=\"has-text-color has-background has-vivid-cyan-blue-color has-very-dark-gray-background-color\"><strong>Daten und Informationen k\u00f6nnen\ngebraucht oder missbraucht werden. <\/strong><\/p>\n\n\n\n<p class=\"has-text-color has-background has-very-light-gray-color has-vivid-cyan-blue-background-color\"><strong>Werte m\u00fcssen gesch\u00fctzt werden. <\/strong><\/p>\n\n\n\n<p class=\"has-text-color has-background has-vivid-cyan-blue-color has-very-dark-gray-background-color\"><strong>Schutz\npersonenbezogener Daten<\/strong><\/p>\n\n\n\n<p class=\"has-text-color has-background has-very-light-gray-color has-vivid-cyan-blue-background-color\"><strong>Informationelle\nSelbstbestimmung<\/strong><\/p>\n\n\n\n<p class=\"has-text-color has-background has-vivid-cyan-blue-color has-very-dark-gray-background-color\"><strong>Wahrung\nder Pers\u00f6nlichkeitsrechte<\/strong><\/p>\n\n\n\n<p class=\"has-text-color has-background has-very-light-gray-color has-vivid-cyan-blue-background-color\"><strong>Wahrung\nvorrangiger Rechtsvorschriften.<\/strong><\/p>\n\n\n\n<p><br><\/p>\n","protected":false},"excerpt":{"rendered":"<p>Warum ist Datenschutz ein wichtiges Thema, und muss ich mich darum k\u00fcmmern ? Datenschutz geht uns alle an Mit der Einf\u00fchrung der DatenSchutzGrundVerordnung (DSGVO) hat die EU ein Rahmengesetz geschaffen das Unternehmen in die Pflicht nimmt sich aktiv um den Schutz der Daten zu k\u00fcmmern. Ein Programm an Straf und Sanktionsmassnahmen, bis hin zu horenden&hellip; <br \/> <a class=\"read-more\" href=\"https:\/\/daten-schutz-nrw.de\/index.php\/warum-datenschutz\/\">Weiterlesen<\/a><\/p>\n","protected":false},"author":1,"featured_media":0,"parent":0,"menu_order":0,"comment_status":"closed","ping_status":"closed","template":"","meta":{"footnotes":""},"class_list":["post-132","page","type-page","status-publish","hentry"],"yoast_head":"<!-- This site is optimized with the Yoast SEO plugin v24.5 - https:\/\/yoast.com\/wordpress\/plugins\/seo\/ -->\n<title>Warum Datenschutz ? - Datenschutz NRW<\/title>\n<meta name=\"robots\" content=\"index, follow, max-snippet:-1, max-image-preview:large, max-video-preview:-1\" \/>\n<link rel=\"canonical\" href=\"https:\/\/daten-schutz-nrw.de\/index.php\/warum-datenschutz\/\" \/>\n<meta property=\"og:locale\" content=\"de_DE\" \/>\n<meta property=\"og:type\" content=\"article\" \/>\n<meta property=\"og:title\" content=\"Warum Datenschutz ? - Datenschutz NRW\" \/>\n<meta property=\"og:description\" content=\"Warum ist Datenschutz ein wichtiges Thema, und muss ich mich darum k\u00fcmmern ? Datenschutz geht uns alle an Mit der Einf\u00fchrung der DatenSchutzGrundVerordnung (DSGVO) hat die EU ein Rahmengesetz geschaffen das Unternehmen in die Pflicht nimmt sich aktiv um den Schutz der Daten zu k\u00fcmmern. Ein Programm an Straf und Sanktionsmassnahmen, bis hin zu horenden&hellip; Weiterlesen\" \/>\n<meta property=\"og:url\" content=\"https:\/\/daten-schutz-nrw.de\/index.php\/warum-datenschutz\/\" \/>\n<meta property=\"og:site_name\" content=\"Datenschutz NRW\" \/>\n<meta property=\"article:modified_time\" content=\"2019-03-13T12:56:38+00:00\" \/>\n<meta name=\"twitter:card\" content=\"summary_large_image\" \/>\n<meta name=\"twitter:label1\" content=\"Gesch\u00e4tzte Lesezeit\" \/>\n\t<meta name=\"twitter:data1\" content=\"1\u00a0Minute\" \/>\n<script type=\"application\/ld+json\" class=\"yoast-schema-graph\">{\"@context\":\"https:\/\/schema.org\",\"@graph\":[{\"@type\":\"WebPage\",\"@id\":\"https:\/\/daten-schutz-nrw.de\/index.php\/warum-datenschutz\/\",\"url\":\"https:\/\/daten-schutz-nrw.de\/index.php\/warum-datenschutz\/\",\"name\":\"Warum Datenschutz ? - Datenschutz NRW\",\"isPartOf\":{\"@id\":\"https:\/\/daten-schutz-nrw.de\/#website\"},\"datePublished\":\"2019-03-13T12:33:20+00:00\",\"dateModified\":\"2019-03-13T12:56:38+00:00\",\"breadcrumb\":{\"@id\":\"https:\/\/daten-schutz-nrw.de\/index.php\/warum-datenschutz\/#breadcrumb\"},\"inLanguage\":\"de\",\"potentialAction\":[{\"@type\":\"ReadAction\",\"target\":[\"https:\/\/daten-schutz-nrw.de\/index.php\/warum-datenschutz\/\"]}]},{\"@type\":\"BreadcrumbList\",\"@id\":\"https:\/\/daten-schutz-nrw.de\/index.php\/warum-datenschutz\/#breadcrumb\",\"itemListElement\":[{\"@type\":\"ListItem\",\"position\":1,\"name\":\"Home\",\"item\":\"https:\/\/daten-schutz-nrw.de\/\"},{\"@type\":\"ListItem\",\"position\":2,\"name\":\"Warum Datenschutz ?\"}]},{\"@type\":\"WebSite\",\"@id\":\"https:\/\/daten-schutz-nrw.de\/#website\",\"url\":\"https:\/\/daten-schutz-nrw.de\/\",\"name\":\"Datenschutz NRW\",\"description\":\"\",\"publisher\":{\"@id\":\"https:\/\/daten-schutz-nrw.de\/#organization\"},\"potentialAction\":[{\"@type\":\"SearchAction\",\"target\":{\"@type\":\"EntryPoint\",\"urlTemplate\":\"https:\/\/daten-schutz-nrw.de\/?s={search_term_string}\"},\"query-input\":{\"@type\":\"PropertyValueSpecification\",\"valueRequired\":true,\"valueName\":\"search_term_string\"}}],\"inLanguage\":\"de\"},{\"@type\":\"Organization\",\"@id\":\"https:\/\/daten-schutz-nrw.de\/#organization\",\"name\":\"Daten Schutz NRW\",\"url\":\"https:\/\/daten-schutz-nrw.de\/\",\"logo\":{\"@type\":\"ImageObject\",\"inLanguage\":\"de\",\"@id\":\"https:\/\/daten-schutz-nrw.de\/#\/schema\/logo\/image\/\",\"url\":\"https:\/\/daten-schutz-nrw.de\/wp-content\/uploads\/2019\/03\/businessman-2606502.jpg\",\"contentUrl\":\"https:\/\/daten-schutz-nrw.de\/wp-content\/uploads\/2019\/03\/businessman-2606502.jpg\",\"width\":4200,\"height\":1813,\"caption\":\"Daten Schutz NRW\"},\"image\":{\"@id\":\"https:\/\/daten-schutz-nrw.de\/#\/schema\/logo\/image\/\"}}]}<\/script>\n<!-- \/ Yoast SEO plugin. -->","yoast_head_json":{"title":"Warum Datenschutz ? - Datenschutz NRW","robots":{"index":"index","follow":"follow","max-snippet":"max-snippet:-1","max-image-preview":"max-image-preview:large","max-video-preview":"max-video-preview:-1"},"canonical":"https:\/\/daten-schutz-nrw.de\/index.php\/warum-datenschutz\/","og_locale":"de_DE","og_type":"article","og_title":"Warum Datenschutz ? - Datenschutz NRW","og_description":"Warum ist Datenschutz ein wichtiges Thema, und muss ich mich darum k\u00fcmmern ? Datenschutz geht uns alle an Mit der Einf\u00fchrung der DatenSchutzGrundVerordnung (DSGVO) hat die EU ein Rahmengesetz geschaffen das Unternehmen in die Pflicht nimmt sich aktiv um den Schutz der Daten zu k\u00fcmmern. Ein Programm an Straf und Sanktionsmassnahmen, bis hin zu horenden&hellip; Weiterlesen","og_url":"https:\/\/daten-schutz-nrw.de\/index.php\/warum-datenschutz\/","og_site_name":"Datenschutz NRW","article_modified_time":"2019-03-13T12:56:38+00:00","twitter_card":"summary_large_image","twitter_misc":{"Gesch\u00e4tzte Lesezeit":"1\u00a0Minute"},"schema":{"@context":"https:\/\/schema.org","@graph":[{"@type":"WebPage","@id":"https:\/\/daten-schutz-nrw.de\/index.php\/warum-datenschutz\/","url":"https:\/\/daten-schutz-nrw.de\/index.php\/warum-datenschutz\/","name":"Warum Datenschutz ? - Datenschutz NRW","isPartOf":{"@id":"https:\/\/daten-schutz-nrw.de\/#website"},"datePublished":"2019-03-13T12:33:20+00:00","dateModified":"2019-03-13T12:56:38+00:00","breadcrumb":{"@id":"https:\/\/daten-schutz-nrw.de\/index.php\/warum-datenschutz\/#breadcrumb"},"inLanguage":"de","potentialAction":[{"@type":"ReadAction","target":["https:\/\/daten-schutz-nrw.de\/index.php\/warum-datenschutz\/"]}]},{"@type":"BreadcrumbList","@id":"https:\/\/daten-schutz-nrw.de\/index.php\/warum-datenschutz\/#breadcrumb","itemListElement":[{"@type":"ListItem","position":1,"name":"Home","item":"https:\/\/daten-schutz-nrw.de\/"},{"@type":"ListItem","position":2,"name":"Warum Datenschutz ?"}]},{"@type":"WebSite","@id":"https:\/\/daten-schutz-nrw.de\/#website","url":"https:\/\/daten-schutz-nrw.de\/","name":"Datenschutz NRW","description":"","publisher":{"@id":"https:\/\/daten-schutz-nrw.de\/#organization"},"potentialAction":[{"@type":"SearchAction","target":{"@type":"EntryPoint","urlTemplate":"https:\/\/daten-schutz-nrw.de\/?s={search_term_string}"},"query-input":{"@type":"PropertyValueSpecification","valueRequired":true,"valueName":"search_term_string"}}],"inLanguage":"de"},{"@type":"Organization","@id":"https:\/\/daten-schutz-nrw.de\/#organization","name":"Daten Schutz NRW","url":"https:\/\/daten-schutz-nrw.de\/","logo":{"@type":"ImageObject","inLanguage":"de","@id":"https:\/\/daten-schutz-nrw.de\/#\/schema\/logo\/image\/","url":"https:\/\/daten-schutz-nrw.de\/wp-content\/uploads\/2019\/03\/businessman-2606502.jpg","contentUrl":"https:\/\/daten-schutz-nrw.de\/wp-content\/uploads\/2019\/03\/businessman-2606502.jpg","width":4200,"height":1813,"caption":"Daten Schutz NRW"},"image":{"@id":"https:\/\/daten-schutz-nrw.de\/#\/schema\/logo\/image\/"}}]}},"_links":{"self":[{"href":"https:\/\/daten-schutz-nrw.de\/index.php\/wp-json\/wp\/v2\/pages\/132","targetHints":{"allow":["GET"]}}],"collection":[{"href":"https:\/\/daten-schutz-nrw.de\/index.php\/wp-json\/wp\/v2\/pages"}],"about":[{"href":"https:\/\/daten-schutz-nrw.de\/index.php\/wp-json\/wp\/v2\/types\/page"}],"author":[{"embeddable":true,"href":"https:\/\/daten-schutz-nrw.de\/index.php\/wp-json\/wp\/v2\/users\/1"}],"replies":[{"embeddable":true,"href":"https:\/\/daten-schutz-nrw.de\/index.php\/wp-json\/wp\/v2\/comments?post=132"}],"version-history":[{"count":9,"href":"https:\/\/daten-schutz-nrw.de\/index.php\/wp-json\/wp\/v2\/pages\/132\/revisions"}],"predecessor-version":[{"id":143,"href":"https:\/\/daten-schutz-nrw.de\/index.php\/wp-json\/wp\/v2\/pages\/132\/revisions\/143"}],"wp:attachment":[{"href":"https:\/\/daten-schutz-nrw.de\/index.php\/wp-json\/wp\/v2\/media?parent=132"}],"curies":[{"name":"wp","href":"https:\/\/api.w.org\/{rel}","templated":true}]}}