{"id":160,"date":"2019-03-13T13:17:13","date_gmt":"2019-03-13T13:17:13","guid":{"rendered":"https:\/\/daten-schutz-nrw.de\/?page_id=160"},"modified":"2019-11-21T21:33:51","modified_gmt":"2019-11-21T21:33:51","slug":"strafen-und-bussgelder","status":"publish","type":"page","link":"https:\/\/daten-schutz-nrw.de\/index.php\/strafen-und-bussgelder\/","title":{"rendered":"Strafen und Bu\u00dfgelder"},"content":{"rendered":"<div  data-id=\"initial-content-section\" data-export-id=\"initial-content-section\" data-label=\"Initial Content\" id=\"initial-content-section\" class=\"content-section content-section-spacing\">\n   <div  class=\"gridContainer\">\n     <div  class=\"row\">\n\n        <div  class=\"col-xs-12 col-sm-12\">                <h1 ><b >Ohne Datenschutzbeauftragten<\/b><\/h1>\n<ul >\n<li ><strong >Ordnungswidrigkeit bis 50.000 \u20ac<\/strong><\/li>\n<li ><strong >Meldepflicht bei Aufsichtsbeh\u00f6rde f\u00fcr alle Verfahren der automatisierten Datenverarbeitung personenbezogener Daten<\/strong><\/li>\n<li ><strong >Haftungsgefahr Management<\/strong><br >\n<strong >Pers\u00f6nliche Haftung wg. Versto\u00df Sorgfaltspflicht (HGB)<\/strong><br >\n<strong >Ordnungswidrigkeit (OWiG \u00a7130 bis zu 1 Mio. \u20ac)<\/strong><\/li>\n<li ><strong >Ansonsten:<\/strong><br >\n<strong >Abmahnungen<\/strong><br >\n<strong >Auskunfts-\/Schadenersatzanspr\u00fcche<\/strong><br >\n<strong >Reputations-\/Kundenverlust<\/strong><\/li>\n<\/ul>\n<h1 ><b >Art. 83 DSGVO: Ahndungspflicht!<\/b><\/h1>\n<h2 >\n10 Mio. \u20ac oder 2% weltweiter Jahresumsatz<\/h2>\n<ul >\n<li ><strong >Bestimmung bei Einwilligung von Kindern missachtet<\/strong><\/li>\n<li ><strong >Einsatz datenschutzunfreundlicher Technologie<\/strong><\/li>\n<li ><strong >Hinderung des DSBA bei Ausf\u00fchrung seiner T\u00e4tigkeit<\/strong><\/li>\n<\/ul>\n<h2 >20 Mio. \u20ac oder 4% weltweiter Jahresumsatz<\/h2>\n<ul >\n<li ><strong >Datenschutz-\/Rechenschaftsgrunds\u00e4tze verletzt<\/strong><\/li>\n<li ><strong >Datenverarbeitung ohne Rechtsgrundlage<\/strong><\/li>\n<li ><strong >Missachtung Voraussetzungen f\u00fcr Einwilligung<\/strong><\/li>\n<li ><strong >Missachtung Betroffenerechte<\/strong><\/li>\n<li ><strong >\u2026..<\/strong><\/li>\n<\/ul>\n\n          <\/div>\n      <\/div>\n  <\/div>\n<\/div><div  data-label=\"Overlappable\" data-id=\"overlappable--1\" data-export-id=\"overlappable-3\" data-category=\"overlappable\" class=\"overlappable-3 content-section content-section-spacing\" data-overlap=\"true\" id=\"overlappable-1\" style=\"background-color: rgb(255, 255, 255);\"><div  class=\"gridContainer\"> <div  class=\"row bg-color-white shadow-medium\"><div  class=\"col-xs-12 col-sm-6 image-col first-image-col\" data-bg=\"image\" style=\"background-image: url(&quot;https:\/\/daten-schutz-nrw.de\/wp-content\/uploads\/2019\/02\/cropped-regulation-3246979-4.jpg&quot;);\"><\/div> <div  class=\"col-xs-12 col-sm-6 content-col col-padding col-padding-xs\"> <div  class=\"col-padding\" data-type=\"column\"> <h4  class=\"\">Strafe gegen Lieferdienst wegen Datenschutzverst\u00f6ssen<\/h4> <p  class=\"\">Das Lieferdienstunternehmen Delivery Hero Germany GmbH muss wegen Datenschutzverst\u00f6\u00dfen ein Bu\u00dfgeld in H\u00f6he von 195.000 Euro zahlen. Unter anderem hatte die Firma Auskunfts-, L\u00f6sch- und Widerspruchsrechte von Kund:innen missachtet.<\/p> <a  class=\"button color1\" href=\"https:\/\/netzpolitik.org\/2019\/berliner-datenschutzbehoerde-verhaengt-bisher-hoechstes-dsgvo-bussgeld-gegen-lieferdienst\" target=\"_blank\" data-cp-link=\"1\" data-icon=\"\">READ MORE<\/a><\/div> <\/div><\/div> <div  class=\"row bg-color-white shadow-medium\"><div  class=\"col-xs-12 col-sm-6 content-col col-padding col-padding-xs\"> <div  class=\"col-padding\" data-type=\"column\"><h4  class=\"\">Welt Artikel zum Bu\u00dfgeldumgang<\/h4> <p  class=\"\">Bei ihrer Einf\u00fchrung sorgte die Datenschutzgrundverordnung f\u00fcr gro\u00dfe Aufregung. Doch die Zahl der registrierten Verst\u00f6\u00dfe h\u00e4lt sich bislang in Grenzen. Ein Bundesland allerdings ahndete besonders viele F\u00e4lle.<\/p> <a  class=\"button color1\" href=\"https:\/\/www.welt.de\/finanzen\/article193326155\/DSGVO-Verstoesse-Bundeslaender-ziehen-Bussgeld-Bilanz.html\" target=\"_blank\" data-cp-link=\"1\" data-icon=\"\">READ MORE<\/a><\/div> <\/div> <div  class=\"col-xs-12 col-sm-6 image-col second-image-col first-xs last-sm\" data-bg=\"image\" style=\"background-image: url(&quot;https:\/\/daten-schutz-nrw.de\/wp-content\/uploads\/2019\/02\/cropped-europe-3256079.jpg&quot;);\"><\/div> <\/div><\/div> <\/div>","protected":false},"excerpt":{"rendered":"<p>Ohne Datenschutzbeauftragten Ordnungswidrigkeit bis 50.000 \u20ac Meldepflicht bei Aufsichtsbeh\u00f6rde f\u00fcr alle Verfahren der automatisierten Datenverarbeitung personenbezogener Daten Haftungsgefahr Management Pers\u00f6nliche Haftung wg. Versto\u00df Sorgfaltspflicht (HGB) Ordnungswidrigkeit (OWiG \u00a7130 bis zu 1 Mio. \u20ac) Ansonsten: Abmahnungen Auskunfts-\/Schadenersatzanspr\u00fcche Reputations-\/Kundenverlust Art. 83 DSGVO: Ahndungspflicht! 10 Mio. \u20ac oder 2% weltweiter Jahresumsatz Bestimmung bei Einwilligung von Kindern missachtet Einsatz&hellip; <br \/> <a class=\"read-more\" href=\"https:\/\/daten-schutz-nrw.de\/index.php\/strafen-und-bussgelder\/\">Weiterlesen<\/a><\/p>\n","protected":false},"author":1,"featured_media":0,"parent":0,"menu_order":0,"comment_status":"closed","ping_status":"closed","template":"pro\/page-templates\/full-width-page.php","meta":{"footnotes":""},"class_list":["post-160","page","type-page","status-publish","hentry"],"yoast_head":"<!-- This site is optimized with the Yoast SEO plugin v24.5 - https:\/\/yoast.com\/wordpress\/plugins\/seo\/ -->\n<title>Strafen und Bu\u00dfgelder - Datenschutz NRW<\/title>\n<meta name=\"robots\" content=\"index, follow, max-snippet:-1, max-image-preview:large, max-video-preview:-1\" \/>\n<link rel=\"canonical\" href=\"https:\/\/daten-schutz-nrw.de\/index.php\/strafen-und-bussgelder\/\" \/>\n<meta property=\"og:locale\" content=\"de_DE\" \/>\n<meta property=\"og:type\" content=\"article\" \/>\n<meta property=\"og:title\" content=\"Strafen und Bu\u00dfgelder - Datenschutz NRW\" \/>\n<meta property=\"og:description\" content=\"Ohne Datenschutzbeauftragten Ordnungswidrigkeit bis 50.000 \u20ac Meldepflicht bei Aufsichtsbeh\u00f6rde f\u00fcr alle Verfahren der automatisierten Datenverarbeitung personenbezogener Daten Haftungsgefahr Management Pers\u00f6nliche Haftung wg. Versto\u00df Sorgfaltspflicht (HGB) Ordnungswidrigkeit (OWiG \u00a7130 bis zu 1 Mio. \u20ac) Ansonsten: Abmahnungen Auskunfts-\/Schadenersatzanspr\u00fcche Reputations-\/Kundenverlust Art. 83 DSGVO: Ahndungspflicht! 10 Mio. \u20ac oder 2% weltweiter Jahresumsatz Bestimmung bei Einwilligung von Kindern missachtet Einsatz&hellip; Weiterlesen\" \/>\n<meta property=\"og:url\" content=\"https:\/\/daten-schutz-nrw.de\/index.php\/strafen-und-bussgelder\/\" \/>\n<meta property=\"og:site_name\" content=\"Datenschutz NRW\" \/>\n<meta property=\"article:modified_time\" content=\"2019-11-21T21:33:51+00:00\" \/>\n<meta name=\"twitter:card\" content=\"summary_large_image\" \/>\n<meta name=\"twitter:label1\" content=\"Gesch\u00e4tzte Lesezeit\" \/>\n\t<meta name=\"twitter:data1\" content=\"1\u00a0Minute\" \/>\n<script type=\"application\/ld+json\" class=\"yoast-schema-graph\">{\"@context\":\"https:\/\/schema.org\",\"@graph\":[{\"@type\":\"WebPage\",\"@id\":\"https:\/\/daten-schutz-nrw.de\/index.php\/strafen-und-bussgelder\/\",\"url\":\"https:\/\/daten-schutz-nrw.de\/index.php\/strafen-und-bussgelder\/\",\"name\":\"Strafen und Bu\u00dfgelder - Datenschutz NRW\",\"isPartOf\":{\"@id\":\"https:\/\/daten-schutz-nrw.de\/#website\"},\"datePublished\":\"2019-03-13T13:17:13+00:00\",\"dateModified\":\"2019-11-21T21:33:51+00:00\",\"breadcrumb\":{\"@id\":\"https:\/\/daten-schutz-nrw.de\/index.php\/strafen-und-bussgelder\/#breadcrumb\"},\"inLanguage\":\"de\",\"potentialAction\":[{\"@type\":\"ReadAction\",\"target\":[\"https:\/\/daten-schutz-nrw.de\/index.php\/strafen-und-bussgelder\/\"]}]},{\"@type\":\"BreadcrumbList\",\"@id\":\"https:\/\/daten-schutz-nrw.de\/index.php\/strafen-und-bussgelder\/#breadcrumb\",\"itemListElement\":[{\"@type\":\"ListItem\",\"position\":1,\"name\":\"Home\",\"item\":\"https:\/\/daten-schutz-nrw.de\/\"},{\"@type\":\"ListItem\",\"position\":2,\"name\":\"Strafen und Bu\u00dfgelder\"}]},{\"@type\":\"WebSite\",\"@id\":\"https:\/\/daten-schutz-nrw.de\/#website\",\"url\":\"https:\/\/daten-schutz-nrw.de\/\",\"name\":\"Datenschutz NRW\",\"description\":\"\",\"publisher\":{\"@id\":\"https:\/\/daten-schutz-nrw.de\/#organization\"},\"potentialAction\":[{\"@type\":\"SearchAction\",\"target\":{\"@type\":\"EntryPoint\",\"urlTemplate\":\"https:\/\/daten-schutz-nrw.de\/?s={search_term_string}\"},\"query-input\":{\"@type\":\"PropertyValueSpecification\",\"valueRequired\":true,\"valueName\":\"search_term_string\"}}],\"inLanguage\":\"de\"},{\"@type\":\"Organization\",\"@id\":\"https:\/\/daten-schutz-nrw.de\/#organization\",\"name\":\"Daten Schutz NRW\",\"url\":\"https:\/\/daten-schutz-nrw.de\/\",\"logo\":{\"@type\":\"ImageObject\",\"inLanguage\":\"de\",\"@id\":\"https:\/\/daten-schutz-nrw.de\/#\/schema\/logo\/image\/\",\"url\":\"https:\/\/daten-schutz-nrw.de\/wp-content\/uploads\/2019\/03\/businessman-2606502.jpg\",\"contentUrl\":\"https:\/\/daten-schutz-nrw.de\/wp-content\/uploads\/2019\/03\/businessman-2606502.jpg\",\"width\":4200,\"height\":1813,\"caption\":\"Daten Schutz NRW\"},\"image\":{\"@id\":\"https:\/\/daten-schutz-nrw.de\/#\/schema\/logo\/image\/\"}}]}<\/script>\n<!-- \/ Yoast SEO plugin. -->","yoast_head_json":{"title":"Strafen und Bu\u00dfgelder - Datenschutz NRW","robots":{"index":"index","follow":"follow","max-snippet":"max-snippet:-1","max-image-preview":"max-image-preview:large","max-video-preview":"max-video-preview:-1"},"canonical":"https:\/\/daten-schutz-nrw.de\/index.php\/strafen-und-bussgelder\/","og_locale":"de_DE","og_type":"article","og_title":"Strafen und Bu\u00dfgelder - Datenschutz NRW","og_description":"Ohne Datenschutzbeauftragten Ordnungswidrigkeit bis 50.000 \u20ac Meldepflicht bei Aufsichtsbeh\u00f6rde f\u00fcr alle Verfahren der automatisierten Datenverarbeitung personenbezogener Daten Haftungsgefahr Management Pers\u00f6nliche Haftung wg. Versto\u00df Sorgfaltspflicht (HGB) Ordnungswidrigkeit (OWiG \u00a7130 bis zu 1 Mio. \u20ac) Ansonsten: Abmahnungen Auskunfts-\/Schadenersatzanspr\u00fcche Reputations-\/Kundenverlust Art. 83 DSGVO: Ahndungspflicht! 10 Mio. \u20ac oder 2% weltweiter Jahresumsatz Bestimmung bei Einwilligung von Kindern missachtet Einsatz&hellip; Weiterlesen","og_url":"https:\/\/daten-schutz-nrw.de\/index.php\/strafen-und-bussgelder\/","og_site_name":"Datenschutz NRW","article_modified_time":"2019-11-21T21:33:51+00:00","twitter_card":"summary_large_image","twitter_misc":{"Gesch\u00e4tzte Lesezeit":"1\u00a0Minute"},"schema":{"@context":"https:\/\/schema.org","@graph":[{"@type":"WebPage","@id":"https:\/\/daten-schutz-nrw.de\/index.php\/strafen-und-bussgelder\/","url":"https:\/\/daten-schutz-nrw.de\/index.php\/strafen-und-bussgelder\/","name":"Strafen und Bu\u00dfgelder - Datenschutz NRW","isPartOf":{"@id":"https:\/\/daten-schutz-nrw.de\/#website"},"datePublished":"2019-03-13T13:17:13+00:00","dateModified":"2019-11-21T21:33:51+00:00","breadcrumb":{"@id":"https:\/\/daten-schutz-nrw.de\/index.php\/strafen-und-bussgelder\/#breadcrumb"},"inLanguage":"de","potentialAction":[{"@type":"ReadAction","target":["https:\/\/daten-schutz-nrw.de\/index.php\/strafen-und-bussgelder\/"]}]},{"@type":"BreadcrumbList","@id":"https:\/\/daten-schutz-nrw.de\/index.php\/strafen-und-bussgelder\/#breadcrumb","itemListElement":[{"@type":"ListItem","position":1,"name":"Home","item":"https:\/\/daten-schutz-nrw.de\/"},{"@type":"ListItem","position":2,"name":"Strafen und Bu\u00dfgelder"}]},{"@type":"WebSite","@id":"https:\/\/daten-schutz-nrw.de\/#website","url":"https:\/\/daten-schutz-nrw.de\/","name":"Datenschutz NRW","description":"","publisher":{"@id":"https:\/\/daten-schutz-nrw.de\/#organization"},"potentialAction":[{"@type":"SearchAction","target":{"@type":"EntryPoint","urlTemplate":"https:\/\/daten-schutz-nrw.de\/?s={search_term_string}"},"query-input":{"@type":"PropertyValueSpecification","valueRequired":true,"valueName":"search_term_string"}}],"inLanguage":"de"},{"@type":"Organization","@id":"https:\/\/daten-schutz-nrw.de\/#organization","name":"Daten Schutz NRW","url":"https:\/\/daten-schutz-nrw.de\/","logo":{"@type":"ImageObject","inLanguage":"de","@id":"https:\/\/daten-schutz-nrw.de\/#\/schema\/logo\/image\/","url":"https:\/\/daten-schutz-nrw.de\/wp-content\/uploads\/2019\/03\/businessman-2606502.jpg","contentUrl":"https:\/\/daten-schutz-nrw.de\/wp-content\/uploads\/2019\/03\/businessman-2606502.jpg","width":4200,"height":1813,"caption":"Daten Schutz NRW"},"image":{"@id":"https:\/\/daten-schutz-nrw.de\/#\/schema\/logo\/image\/"}}]}},"_links":{"self":[{"href":"https:\/\/daten-schutz-nrw.de\/index.php\/wp-json\/wp\/v2\/pages\/160","targetHints":{"allow":["GET"]}}],"collection":[{"href":"https:\/\/daten-schutz-nrw.de\/index.php\/wp-json\/wp\/v2\/pages"}],"about":[{"href":"https:\/\/daten-schutz-nrw.de\/index.php\/wp-json\/wp\/v2\/types\/page"}],"author":[{"embeddable":true,"href":"https:\/\/daten-schutz-nrw.de\/index.php\/wp-json\/wp\/v2\/users\/1"}],"replies":[{"embeddable":true,"href":"https:\/\/daten-schutz-nrw.de\/index.php\/wp-json\/wp\/v2\/comments?post=160"}],"version-history":[{"count":7,"href":"https:\/\/daten-schutz-nrw.de\/index.php\/wp-json\/wp\/v2\/pages\/160\/revisions"}],"predecessor-version":[{"id":191,"href":"https:\/\/daten-schutz-nrw.de\/index.php\/wp-json\/wp\/v2\/pages\/160\/revisions\/191"}],"wp:attachment":[{"href":"https:\/\/daten-schutz-nrw.de\/index.php\/wp-json\/wp\/v2\/media?parent=160"}],"curies":[{"name":"wp","href":"https:\/\/api.w.org\/{rel}","templated":true}]}}