{"id":208,"date":"2021-11-24T16:28:32","date_gmt":"2021-11-24T16:28:32","guid":{"rendered":"https:\/\/daten-schutz-nrw.de\/?page_id=208"},"modified":"2021-11-24T16:43:12","modified_gmt":"2021-11-24T16:43:12","slug":"social-media","status":"publish","type":"page","link":"https:\/\/daten-schutz-nrw.de\/index.php\/social-media\/","title":{"rendered":"Social Media"},"content":{"rendered":"<div data-label=\"Overlappable\" data-id=\"overlappable--1\" data-export-id=\"overlappable-3\" data-category=\"overlappable\" class=\"overlappable-3 content-section content-section-spacing\" data-overlap=\"true\" id=\"overlappable-1\"  style=\"background-color: rgb(255, 255, 255);\"><div class=\"gridContainer\" > <div class=\"row bg-color-white shadow-medium\" ><div class=\"col-xs-12 col-sm-6 image-col first-image-col\" data-bg=\"image\"  style=\"background-image: url(&quot;https:\/\/daten-schutz-nrw.de\/wp-content\/uploads\/2021\/11\/cropped-social-gf0a5a8cdc_1920-1.jpg&quot;);\"><\/div> <div class=\"col-xs-12 col-sm-6 content-col col-padding col-padding-xs\" > <div class=\"col-padding\" data-type=\"column\" > <h4 class=\"\"  style=\"text-align: center;\"><span style=\"font-family: arial, helvetica, sans-serif; font-weight: 400;\" >&#8222;Die Einf\u00fchrung der Sozialenmedien ist gleichzeitig Fluch und Segen f\u00fcr aktuelle und k\u00fcnftige Generationen und Bedarf eines besonnen Umgangs.&#8220;<\/span><span id=\"_mce_caret\" data-mce-bogus=\"1\" data-mce-type=\"format-caret\" ><span style=\"font-weight: 400; font-family: arial, helvetica, sans-serif;\" >\ufeff<\/span><\/span><\/h4> <p class=\"\"  style=\"text-align: right;\">J\u00f6rn Schade 2020<\/p> <\/div> <\/div><\/div> <div class=\"row bg-color-white shadow-medium\" ><div class=\"col-xs-12 col-sm-6 content-col col-padding col-padding-xs\" > <div class=\"col-padding\" data-type=\"column\" ><h4 class=\"\" >Unsere Antwort auf Fragen Rund um das Thema Social Media<\/h4> <p class=\"\" ><span style=\"font-weight: 600;\" >Egal ob als Privatperson, Unternehmen, Lehrer, Sch\u00fcler oder Eltern, es ist in der heutigen Zeit extrem wichtig informiert \u00fcber die Sozialen medien zu sein, die Unterschiedlichen zu kennen und sich und andere vorm Missbrauch zu sch\u00fctzen<\/span><span id=\"_mce_caret\" data-mce-bogus=\"1\" data-mce-type=\"format-caret\" ><span style=\"font-family: tahoma, arial, helvetica, sans-serif; font-weight: 600;\" >\ufeff<\/span><\/span>&#8230;<\/p> <a class=\"button color1\" href=\"#\" target=\"_self\" data-cp-link=\"1\" data-icon=\"\" rel=\"noopener noreferrer\">Erfahren Sie mehr<\/a><\/div> <\/div> <div class=\"col-xs-12 col-sm-6 image-col second-image-col first-xs last-sm\" data-bg=\"image\"  style=\"background-image: url(&quot;https:\/\/daten-schutz-nrw.de\/wp-content\/uploads\/2021\/11\/cropped-twitter-292994-scaled-1.jpg&quot;);\"><\/div> <\/div><\/div> <\/div>","protected":false},"excerpt":{"rendered":"<p>&#8222;Die Einf\u00fchrung der Sozialenmedien ist gleichzeitig Fluch und Segen f\u00fcr aktuelle und k\u00fcnftige Generationen und Bedarf eines besonnen Umgangs.&#8220;\ufeff J\u00f6rn Schade 2020 Unsere Antwort auf Fragen Rund um das Thema Social Media Egal ob als Privatperson, Unternehmen, Lehrer, Sch\u00fcler oder Eltern, es ist in der heutigen Zeit extrem wichtig informiert \u00fcber die Sozialen medien zu&hellip; <br \/> <a class=\"read-more\" href=\"https:\/\/daten-schutz-nrw.de\/index.php\/social-media\/\">Weiterlesen<\/a><\/p>\n","protected":false},"author":1,"featured_media":0,"parent":0,"menu_order":0,"comment_status":"closed","ping_status":"closed","template":"pro\/page-templates\/full-width-page.php","meta":{"footnotes":""},"class_list":["post-208","page","type-page","status-publish","hentry"],"yoast_head":"<!-- This site is optimized with the Yoast SEO plugin v24.5 - https:\/\/yoast.com\/wordpress\/plugins\/seo\/ -->\n<title>Social Media - Datenschutz NRW<\/title>\n<meta name=\"robots\" content=\"index, follow, max-snippet:-1, max-image-preview:large, max-video-preview:-1\" \/>\n<link rel=\"canonical\" href=\"https:\/\/daten-schutz-nrw.de\/index.php\/social-media\/\" \/>\n<meta property=\"og:locale\" content=\"de_DE\" \/>\n<meta property=\"og:type\" content=\"article\" \/>\n<meta property=\"og:title\" content=\"Social Media - Datenschutz NRW\" \/>\n<meta property=\"og:description\" content=\"&#8222;Die Einf\u00fchrung der Sozialenmedien ist gleichzeitig Fluch und Segen f\u00fcr aktuelle und k\u00fcnftige Generationen und Bedarf eines besonnen Umgangs.&#8220;\ufeff J\u00f6rn Schade 2020 Unsere Antwort auf Fragen Rund um das Thema Social Media Egal ob als Privatperson, Unternehmen, Lehrer, Sch\u00fcler oder Eltern, es ist in der heutigen Zeit extrem wichtig informiert \u00fcber die Sozialen medien zu&hellip; Weiterlesen\" \/>\n<meta property=\"og:url\" content=\"https:\/\/daten-schutz-nrw.de\/index.php\/social-media\/\" \/>\n<meta property=\"og:site_name\" content=\"Datenschutz NRW\" \/>\n<meta property=\"article:modified_time\" content=\"2021-11-24T16:43:12+00:00\" \/>\n<meta name=\"twitter:card\" content=\"summary_large_image\" \/>\n<script type=\"application\/ld+json\" class=\"yoast-schema-graph\">{\"@context\":\"https:\/\/schema.org\",\"@graph\":[{\"@type\":\"WebPage\",\"@id\":\"https:\/\/daten-schutz-nrw.de\/index.php\/social-media\/\",\"url\":\"https:\/\/daten-schutz-nrw.de\/index.php\/social-media\/\",\"name\":\"Social Media - Datenschutz NRW\",\"isPartOf\":{\"@id\":\"https:\/\/daten-schutz-nrw.de\/#website\"},\"datePublished\":\"2021-11-24T16:28:32+00:00\",\"dateModified\":\"2021-11-24T16:43:12+00:00\",\"breadcrumb\":{\"@id\":\"https:\/\/daten-schutz-nrw.de\/index.php\/social-media\/#breadcrumb\"},\"inLanguage\":\"de\",\"potentialAction\":[{\"@type\":\"ReadAction\",\"target\":[\"https:\/\/daten-schutz-nrw.de\/index.php\/social-media\/\"]}]},{\"@type\":\"BreadcrumbList\",\"@id\":\"https:\/\/daten-schutz-nrw.de\/index.php\/social-media\/#breadcrumb\",\"itemListElement\":[{\"@type\":\"ListItem\",\"position\":1,\"name\":\"Home\",\"item\":\"https:\/\/daten-schutz-nrw.de\/\"},{\"@type\":\"ListItem\",\"position\":2,\"name\":\"Social Media\"}]},{\"@type\":\"WebSite\",\"@id\":\"https:\/\/daten-schutz-nrw.de\/#website\",\"url\":\"https:\/\/daten-schutz-nrw.de\/\",\"name\":\"Datenschutz NRW\",\"description\":\"\",\"publisher\":{\"@id\":\"https:\/\/daten-schutz-nrw.de\/#organization\"},\"potentialAction\":[{\"@type\":\"SearchAction\",\"target\":{\"@type\":\"EntryPoint\",\"urlTemplate\":\"https:\/\/daten-schutz-nrw.de\/?s={search_term_string}\"},\"query-input\":{\"@type\":\"PropertyValueSpecification\",\"valueRequired\":true,\"valueName\":\"search_term_string\"}}],\"inLanguage\":\"de\"},{\"@type\":\"Organization\",\"@id\":\"https:\/\/daten-schutz-nrw.de\/#organization\",\"name\":\"Daten Schutz NRW\",\"url\":\"https:\/\/daten-schutz-nrw.de\/\",\"logo\":{\"@type\":\"ImageObject\",\"inLanguage\":\"de\",\"@id\":\"https:\/\/daten-schutz-nrw.de\/#\/schema\/logo\/image\/\",\"url\":\"https:\/\/daten-schutz-nrw.de\/wp-content\/uploads\/2019\/03\/businessman-2606502.jpg\",\"contentUrl\":\"https:\/\/daten-schutz-nrw.de\/wp-content\/uploads\/2019\/03\/businessman-2606502.jpg\",\"width\":4200,\"height\":1813,\"caption\":\"Daten Schutz NRW\"},\"image\":{\"@id\":\"https:\/\/daten-schutz-nrw.de\/#\/schema\/logo\/image\/\"}}]}<\/script>\n<!-- \/ Yoast SEO plugin. -->","yoast_head_json":{"title":"Social Media - Datenschutz NRW","robots":{"index":"index","follow":"follow","max-snippet":"max-snippet:-1","max-image-preview":"max-image-preview:large","max-video-preview":"max-video-preview:-1"},"canonical":"https:\/\/daten-schutz-nrw.de\/index.php\/social-media\/","og_locale":"de_DE","og_type":"article","og_title":"Social Media - Datenschutz NRW","og_description":"&#8222;Die Einf\u00fchrung der Sozialenmedien ist gleichzeitig Fluch und Segen f\u00fcr aktuelle und k\u00fcnftige Generationen und Bedarf eines besonnen Umgangs.&#8220;\ufeff J\u00f6rn Schade 2020 Unsere Antwort auf Fragen Rund um das Thema Social Media Egal ob als Privatperson, Unternehmen, Lehrer, Sch\u00fcler oder Eltern, es ist in der heutigen Zeit extrem wichtig informiert \u00fcber die Sozialen medien zu&hellip; Weiterlesen","og_url":"https:\/\/daten-schutz-nrw.de\/index.php\/social-media\/","og_site_name":"Datenschutz NRW","article_modified_time":"2021-11-24T16:43:12+00:00","twitter_card":"summary_large_image","schema":{"@context":"https:\/\/schema.org","@graph":[{"@type":"WebPage","@id":"https:\/\/daten-schutz-nrw.de\/index.php\/social-media\/","url":"https:\/\/daten-schutz-nrw.de\/index.php\/social-media\/","name":"Social Media - Datenschutz NRW","isPartOf":{"@id":"https:\/\/daten-schutz-nrw.de\/#website"},"datePublished":"2021-11-24T16:28:32+00:00","dateModified":"2021-11-24T16:43:12+00:00","breadcrumb":{"@id":"https:\/\/daten-schutz-nrw.de\/index.php\/social-media\/#breadcrumb"},"inLanguage":"de","potentialAction":[{"@type":"ReadAction","target":["https:\/\/daten-schutz-nrw.de\/index.php\/social-media\/"]}]},{"@type":"BreadcrumbList","@id":"https:\/\/daten-schutz-nrw.de\/index.php\/social-media\/#breadcrumb","itemListElement":[{"@type":"ListItem","position":1,"name":"Home","item":"https:\/\/daten-schutz-nrw.de\/"},{"@type":"ListItem","position":2,"name":"Social Media"}]},{"@type":"WebSite","@id":"https:\/\/daten-schutz-nrw.de\/#website","url":"https:\/\/daten-schutz-nrw.de\/","name":"Datenschutz NRW","description":"","publisher":{"@id":"https:\/\/daten-schutz-nrw.de\/#organization"},"potentialAction":[{"@type":"SearchAction","target":{"@type":"EntryPoint","urlTemplate":"https:\/\/daten-schutz-nrw.de\/?s={search_term_string}"},"query-input":{"@type":"PropertyValueSpecification","valueRequired":true,"valueName":"search_term_string"}}],"inLanguage":"de"},{"@type":"Organization","@id":"https:\/\/daten-schutz-nrw.de\/#organization","name":"Daten Schutz NRW","url":"https:\/\/daten-schutz-nrw.de\/","logo":{"@type":"ImageObject","inLanguage":"de","@id":"https:\/\/daten-schutz-nrw.de\/#\/schema\/logo\/image\/","url":"https:\/\/daten-schutz-nrw.de\/wp-content\/uploads\/2019\/03\/businessman-2606502.jpg","contentUrl":"https:\/\/daten-schutz-nrw.de\/wp-content\/uploads\/2019\/03\/businessman-2606502.jpg","width":4200,"height":1813,"caption":"Daten Schutz NRW"},"image":{"@id":"https:\/\/daten-schutz-nrw.de\/#\/schema\/logo\/image\/"}}]}},"_links":{"self":[{"href":"https:\/\/daten-schutz-nrw.de\/index.php\/wp-json\/wp\/v2\/pages\/208","targetHints":{"allow":["GET"]}}],"collection":[{"href":"https:\/\/daten-schutz-nrw.de\/index.php\/wp-json\/wp\/v2\/pages"}],"about":[{"href":"https:\/\/daten-schutz-nrw.de\/index.php\/wp-json\/wp\/v2\/types\/page"}],"author":[{"embeddable":true,"href":"https:\/\/daten-schutz-nrw.de\/index.php\/wp-json\/wp\/v2\/users\/1"}],"replies":[{"embeddable":true,"href":"https:\/\/daten-schutz-nrw.de\/index.php\/wp-json\/wp\/v2\/comments?post=208"}],"version-history":[{"count":2,"href":"https:\/\/daten-schutz-nrw.de\/index.php\/wp-json\/wp\/v2\/pages\/208\/revisions"}],"predecessor-version":[{"id":218,"href":"https:\/\/daten-schutz-nrw.de\/index.php\/wp-json\/wp\/v2\/pages\/208\/revisions\/218"}],"wp:attachment":[{"href":"https:\/\/daten-schutz-nrw.de\/index.php\/wp-json\/wp\/v2\/media?parent=208"}],"curies":[{"name":"wp","href":"https:\/\/api.w.org\/{rel}","templated":true}]}}