{"id":46,"date":"2019-02-21T12:52:30","date_gmt":"2019-02-21T12:52:30","guid":{"rendered":"https:\/\/daten-schutz-nrw.de\/index.php\/mesmerize\/"},"modified":"2021-11-24T16:28:32","modified_gmt":"2021-11-24T16:28:32","slug":"mesmerize","status":"publish","type":"page","link":"https:\/\/daten-schutz-nrw.de\/","title":{"rendered":"Front Page"},"content":{"rendered":"<div  id=\"features-2\" style=\"background-color: rgb(255, 255, 255); background-image: none;\" data-label=\"Features\" data-id=\"features-ov-4-mc\" data-export-id=\"features-ov-4-mc\" data-category=\"features\" class=\"features-ov-4-mc content-section content-section-spacing\"><div  class=\"gridContainer\"> <div  data-type=\"row\" class=\"row spaced-cols text-center\"><div  class=\"col-xs-12 col-sm-4 col-padding\"> <i  class=\"fa icon shadow-large-black aligncenter color1 fa-binoculars reverse round large\"><\/i> <div  data-type=\"column\" class=\"\"> <h5  class=\"font-400\">Datenschutz\u00fcberpr\u00fcfungen<\/h5> <p  class=\"\">Wir \u00fcberpr\u00fcfen den Datenschutz ihres Unternehmens<\/p><\/div> <\/div> <div  class=\"col-xs-12 col-sm-4 col-padding\"> <i  class=\"fa icon shadow-large-black aligncenter color2 fa-expeditedssl reverse round large\"><\/i> <div  data-type=\"column\" class=\"\"><h5  class=\"font-400\">Datenschutz auf Ihr Unternehmen zugeschnitten<\/h5> <p  class=\"\">Wir entwickeln ein auf Sie speziell zugeschnittenes Datenschutz Konzept<\/p><\/div> <\/div> <div  class=\"col-xs-12 col-sm-4 col-padding\"> <i  class=\"fa icon shadow-large-black aligncenter color4 fa-check-square-o reverse round large\"><\/i> <div  data-type=\"column\" class=\"\"><h5  class=\"font-400\">L\u00f6sungen und Beratung zu allen Datenschutzthemen<\/h5> <p  class=\"\">Sie haben Fragen zum Thema Datenschutz oder suchen nach L\u00f6sungen, da sind sie bei uns genau richtig<\/p><\/div> <\/div><\/div> <\/div><\/div><div  id=\"about-1\" style=\"background-color: #f5fafd;\" data-label=\"About\" data-id=\"about-images-right-section-mc\" data-export-id=\"about-images-right-section-mc\" data-bullets-visibility=\"true\" data-category=\"about\" class=\"about-images-right-section-mc content-section content-section-spacing\"><div  class=\"gridContainer\"> <div  class=\"row middle-sm text-center\"><div  class=\"col-sm-5 content-left-sm\" data-type=\"column\"> <h5  class=\"\">WAS WIR TUN<\/h5> <h2  class=\"\">Wir liefern ma\u00dfgeschneiderte L\u00f6sungen im Bereich des Europ\u00e4ischen Datenschutz<\/h2>  <\/div> <div  class=\"col-sm-7 space-bottom-xs\"><div  class=\"image-group-side-3-img\"> <img decoding=\"async\"  class=\"topimg shadow-large\" src=\"https:\/\/daten-schutz-nrw.de\/wp-content\/uploads\/2018\/12\/cropped-banner-beispiel3-2.jpg\" alt=\"\" title=\"cropped-banner-beispiel3-2.jpg\"> <img decoding=\"async\"  class=\"rightimg shadow-large\" src=\"https:\/\/daten-schutz-nrw.de\/wp-content\/uploads\/2019\/02\/cropped-businessman-2606502-3.jpg\" alt=\"\" title=\"cropped-businessman-2606502-3.jpg\"> <div  class=\"leftimg\"> <img decoding=\"async\"  class=\"shadow-large\" src=\"https:\/\/daten-schutz-nrw.de\/wp-content\/uploads\/2019\/02\/cropped-regulation-3246979-1.jpg\" alt=\"\" title=\"cropped-regulation-3246979-1.jpg\"><\/div> <\/div><\/div> <\/div><\/div> <\/div><div  id=\"features-1\" style=\"background-color: #ffffff;\" data-label=\"Features\" data-id=\"features-16-card-bordered-mc\" data-export-id=\"features-16-card-bordered-mc\" data-bullets-visibility=\"true\" data-category=\"features\" class=\"features-16-card-bordered-mc content-section content-section-spacing\"><div  class=\"gridContainer\"> <div  class=\"row text-center\"><div  class=\"section-title-col\" data-type=\"column\"> <h5  class=\"\">Einige unsere Aufgabenfelder<\/h5> <h2  class=\"\">Wir liefern kreative L\u00f6sungen!<\/h2> <p  class=\"lead\">Bringe Sie sich mit etwas Einsatz auf die rechtlich sichere Seite.<\/p><\/div> <\/div> <div  class=\"row spaced-cols\" data-type=\"row\"> <div  class=\"col-xs-12 col-sm-6 col-md-4\"> <div  class=\"card no-padding bordered y-move\"> <img decoding=\"async\"  class=\"face\" src=\"https:\/\/daten-schutz-nrw.de\/wp-content\/uploads\/2019\/02\/cropped-regulation-3246979-2.jpg\" alt=\"\" title=\"cropped-regulation-3246979-2.jpg\"> <div  data-type=\"column\" class=\"col-padding-small col-padding-small-xs description-container\"> <h4  class=\"font-500\">Information<\/h4> <p  class=\"\">Individuelle Beratung\n<br ><br >Schulung\n<\/p><\/div> <div  data-type=\"column\" class=\"col-padding-small col-padding-small-xs read-more-container\"><\/div> <\/div><\/div> <div  class=\"col-xs-12 col-sm-6 col-md-4\"><div  class=\"card no-padding bordered y-move\"> <img decoding=\"async\"  class=\"face\" src=\"https:\/\/daten-schutz-nrw.de\/wp-content\/uploads\/2019\/02\/ransomware-2321110.jpg\" alt=\"\" title=\"ransomware-2321110\"> <div  data-type=\"column\" class=\"col-padding-small col-padding-small-xs description-container\"> <h4  class=\"font-500\">Datensicherheit<\/h4> <p  class=\"\">Penetrationstest\n<br ><br >Human Enginiering<\/p><\/div> <div  data-type=\"column\" class=\"col-padding-small col-padding-small-xs read-more-container\"><\/div> <\/div><\/div> <div  class=\"col-xs-12 col-sm-6 col-md-4\"><div  class=\"card no-padding bordered y-move\"> <img decoding=\"async\"  class=\"face\" src=\"https:\/\/daten-schutz-nrw.de\/wp-content\/uploads\/2019\/02\/cropped-judge-3665164.jpg\" alt=\"\" title=\"cropped-judge-3665164.jpg\"> <div  data-type=\"column\" class=\"col-padding-small col-padding-small-xs description-container\"> <h4  class=\"font-500\">Rechtsberatung<\/h4> <p  class=\"\">Beratung\n<br ><br >Vermittlung von fachspezifischem Rechtsbeistand<\/p><\/div> <div  data-type=\"column\" class=\"col-padding-small col-padding-small-xs read-more-container\"><\/div> <\/div><\/div> <\/div><\/div> <\/div><div  id=\"content-1\" style=\"background-color: #f5fafd;\" data-label=\"Content\" data-id=\"content-7-mc\" data-export-id=\"content-7-mc\" data-category=\"content\" class=\"content-7-mc content-section content-section-spacing\"><div  class=\"gridContainer\"> <div  class=\"row middle-sm\"><div  class=\"col-sm-6 space-bottom-xs\" data-type=\"column\"> <h2  class=\"\">Software L\u00f6sungen und Entwicklung<\/h2> <p  class=\"\">Dieser Bereich befindet sich im Aufbau, gerne vermitteln wir Sie an gepr\u00fcfte Fachkr\u00e4fte weiter.<\/p> <\/div> <div  class=\"col-sm-6\" data-type=\"column\"> <img decoding=\"async\"  class=\"shadow-large\" src=\"https:\/\/daten-schutz-nrw.de\/wp-content\/uploads\/2019\/02\/hacker-1944688.jpg\" alt=\"\" title=\"hacker-1944688\"><\/div> <\/div><\/div> <\/div><div  id=\"content-2\" style=\"background-color: #ffffff;\" data-label=\"Content\" data-id=\"content-8-mc\" data-export-id=\"content-8-mc\" data-category=\"content\" class=\"content-8-mc content-section content-section-spacing\"><div  class=\"gridContainer\"> <div  class=\"row middle-sm\"><div  class=\"col-sm-6 space-bottom-xs space-top-xs\" data-type=\"column\"> <img decoding=\"async\"  class=\"shadow-large\" src=\"https:\/\/daten-schutz-nrw.de\/wp-content\/uploads\/2019\/02\/twitter-292994.jpg\" alt=\"\" title=\"twitter-292994\"><\/div> <div  class=\"col-sm-6\" data-type=\"column\"><h2  class=\"\">Social Media<\/h2> <p  class=\"\">Grade in der heutigen Zeit braucht der Bereich Social Media einen speziellen Handlungsbereich, wir unterst\u00fctzen Sie bei Ihrem datenschutzkonformen Auftritt.<\/p> <\/div> <\/div><\/div> <\/div><div  id=\"team-1\" style=\"background-color: #ffffff;\" data-label=\"Team\" data-id=\"team-5-mc\" data-export-id=\"team-5-mc\" data-bullets-visibility=\"true\" data-category=\"team\" class=\"team-5-mc content-section content-section-spacing\"><div  class=\"gridContainer\"> <div  class=\"row text-center\"><div  class=\"section-title-col\" data-type=\"column\">  <h2  class=\"\">Unser Team<\/h2> <p  class=\"lead\">Datenschutz NRW befindet sich im Aufbau,schicken Sie uns gerne Ihre Bewerbung zu.<\/p><\/div> <\/div> <div  class=\"row spaced-cols content-center-sm\" data-type=\"row\"> <div  class=\"col-xs-12 col-sm-6 col-md-3 col-padding\"> <div  class=\"row \"> <div  data-type=\"column\" class=\"col-xs-12 col-sm-12\"> <img decoding=\"async\"  class=\"round face\" src=\"https:\/\/daten-schutz-nrw.de\/wp-content\/uploads\/2019\/02\/cropped-DSC_0013.jpg\" alt=\"\" title=\"cropped-DSC_0013.jpg\"> <h4  class=\"font-500\">J\u00f6rn Schade<\/h4> <p  class=\"italic\">Datenschutzexperte<\/p> <p  class=\"\">Gr\u00fcnder von Datenschutz NRW<\/p> <div  class=\"social-icons-group\" data-type=\"group\"> <a  href=\"#\"><i  class=\"gray fa icon fa-facebook-square small\"><\/i><\/a> <a  href=\"#\"><i  class=\"gray fa icon fa-twitter-square small\"><\/i><\/a> <a  href=\"#\"><i  class=\"gray fa icon fa-linkedin-square small\"><\/i><\/a> <a  href=\"#\"><i  class=\"gray fa icon fa-google-plus-square small\"><\/i><\/a><\/div> <\/div><\/div> <\/div>   <\/div> <\/div><\/div>","protected":false},"excerpt":{"rendered":"<p>Datenschutz\u00fcberpr\u00fcfungen Wir \u00fcberpr\u00fcfen den Datenschutz ihres Unternehmens Datenschutz auf Ihr Unternehmen zugeschnitten Wir entwickeln ein auf Sie speziell zugeschnittenes Datenschutz Konzept L\u00f6sungen und Beratung zu allen Datenschutzthemen Sie haben Fragen zum Thema Datenschutz oder suchen nach L\u00f6sungen, da sind sie bei uns genau richtig WAS WIR TUN Wir liefern ma\u00dfgeschneiderte L\u00f6sungen im Bereich des Europ\u00e4ischen&hellip; <br \/> <a class=\"read-more\" href=\"https:\/\/daten-schutz-nrw.de\/\">Weiterlesen<\/a><\/p>\n","protected":false},"author":1,"featured_media":0,"parent":0,"menu_order":0,"comment_status":"closed","ping_status":"closed","template":"page-templates\/homepage.php","meta":{"footnotes":""},"class_list":["post-46","page","type-page","status-publish","hentry"],"yoast_head":"<!-- This site is optimized with the Yoast SEO plugin v24.5 - https:\/\/yoast.com\/wordpress\/plugins\/seo\/ -->\n<title>Daten-Schutz-NRW - Datenschutz NRW<\/title>\n<meta name=\"description\" content=\"Ihr Spezialist f\u00fcr: Datenschutz, Datenschutzerkl\u00e4rungen, Datenschutzschulungen\" \/>\n<meta name=\"robots\" content=\"index, follow, max-snippet:-1, max-image-preview:large, max-video-preview:-1\" \/>\n<link rel=\"canonical\" href=\"https:\/\/daten-schutz-nrw.de\/\" \/>\n<meta property=\"og:locale\" content=\"de_DE\" \/>\n<meta property=\"og:type\" content=\"article\" \/>\n<meta property=\"og:title\" content=\"Daten-Schutz-NRW - Datenschutz NRW\" \/>\n<meta property=\"og:description\" content=\"Ihr Spezialist f\u00fcr: Datenschutz, Datenschutzerkl\u00e4rungen, Datenschutzschulungen\" \/>\n<meta property=\"og:url\" content=\"https:\/\/daten-schutz-nrw.de\/\" \/>\n<meta property=\"og:site_name\" content=\"Datenschutz NRW\" \/>\n<meta property=\"article:modified_time\" content=\"2021-11-24T16:28:32+00:00\" \/>\n<meta property=\"og:image\" content=\"https:\/\/daten-schutz-nrw.de\/wp-content\/uploads\/2018\/12\/cropped-banner-beispiel3-2.jpg\" \/>\n<meta name=\"twitter:card\" content=\"summary_large_image\" \/>\n<meta name=\"twitter:label1\" content=\"Gesch\u00e4tzte Lesezeit\" \/>\n\t<meta name=\"twitter:data1\" content=\"1\u00a0Minute\" \/>\n<script type=\"application\/ld+json\" class=\"yoast-schema-graph\">{\"@context\":\"https:\/\/schema.org\",\"@graph\":[{\"@type\":\"WebPage\",\"@id\":\"https:\/\/daten-schutz-nrw.de\/\",\"url\":\"https:\/\/daten-schutz-nrw.de\/\",\"name\":\"Daten-Schutz-NRW - Datenschutz NRW\",\"isPartOf\":{\"@id\":\"https:\/\/daten-schutz-nrw.de\/#website\"},\"primaryImageOfPage\":{\"@id\":\"https:\/\/daten-schutz-nrw.de\/#primaryimage\"},\"image\":{\"@id\":\"https:\/\/daten-schutz-nrw.de\/#primaryimage\"},\"thumbnailUrl\":\"https:\/\/daten-schutz-nrw.de\/wp-content\/uploads\/2018\/12\/cropped-banner-beispiel3-2.jpg\",\"datePublished\":\"2019-02-21T12:52:30+00:00\",\"dateModified\":\"2021-11-24T16:28:32+00:00\",\"description\":\"Ihr Spezialist f\u00fcr: Datenschutz, Datenschutzerkl\u00e4rungen, Datenschutzschulungen\",\"breadcrumb\":{\"@id\":\"https:\/\/daten-schutz-nrw.de\/#breadcrumb\"},\"inLanguage\":\"de\",\"potentialAction\":[{\"@type\":\"ReadAction\",\"target\":[\"https:\/\/daten-schutz-nrw.de\/\"]}]},{\"@type\":\"ImageObject\",\"inLanguage\":\"de\",\"@id\":\"https:\/\/daten-schutz-nrw.de\/#primaryimage\",\"url\":\"https:\/\/daten-schutz-nrw.de\/wp-content\/uploads\/2018\/12\/cropped-banner-beispiel3-2.jpg\",\"contentUrl\":\"https:\/\/daten-schutz-nrw.de\/wp-content\/uploads\/2018\/12\/cropped-banner-beispiel3-2.jpg\",\"width\":760,\"height\":405},{\"@type\":\"BreadcrumbList\",\"@id\":\"https:\/\/daten-schutz-nrw.de\/#breadcrumb\",\"itemListElement\":[{\"@type\":\"ListItem\",\"position\":1,\"name\":\"Home\",\"item\":\"https:\/\/daten-schutz-nrw.de\/\"},{\"@type\":\"ListItem\",\"position\":2,\"name\":\"Front Page\"}]},{\"@type\":\"WebSite\",\"@id\":\"https:\/\/daten-schutz-nrw.de\/#website\",\"url\":\"https:\/\/daten-schutz-nrw.de\/\",\"name\":\"Datenschutz NRW\",\"description\":\"\",\"publisher\":{\"@id\":\"https:\/\/daten-schutz-nrw.de\/#organization\"},\"potentialAction\":[{\"@type\":\"SearchAction\",\"target\":{\"@type\":\"EntryPoint\",\"urlTemplate\":\"https:\/\/daten-schutz-nrw.de\/?s={search_term_string}\"},\"query-input\":{\"@type\":\"PropertyValueSpecification\",\"valueRequired\":true,\"valueName\":\"search_term_string\"}}],\"inLanguage\":\"de\"},{\"@type\":\"Organization\",\"@id\":\"https:\/\/daten-schutz-nrw.de\/#organization\",\"name\":\"Daten Schutz NRW\",\"url\":\"https:\/\/daten-schutz-nrw.de\/\",\"logo\":{\"@type\":\"ImageObject\",\"inLanguage\":\"de\",\"@id\":\"https:\/\/daten-schutz-nrw.de\/#\/schema\/logo\/image\/\",\"url\":\"https:\/\/daten-schutz-nrw.de\/wp-content\/uploads\/2019\/03\/businessman-2606502.jpg\",\"contentUrl\":\"https:\/\/daten-schutz-nrw.de\/wp-content\/uploads\/2019\/03\/businessman-2606502.jpg\",\"width\":4200,\"height\":1813,\"caption\":\"Daten Schutz NRW\"},\"image\":{\"@id\":\"https:\/\/daten-schutz-nrw.de\/#\/schema\/logo\/image\/\"}}]}<\/script>\n<!-- \/ Yoast SEO plugin. -->","yoast_head_json":{"title":"Daten-Schutz-NRW - Datenschutz NRW","description":"Ihr Spezialist f\u00fcr: Datenschutz, Datenschutzerkl\u00e4rungen, Datenschutzschulungen","robots":{"index":"index","follow":"follow","max-snippet":"max-snippet:-1","max-image-preview":"max-image-preview:large","max-video-preview":"max-video-preview:-1"},"canonical":"https:\/\/daten-schutz-nrw.de\/","og_locale":"de_DE","og_type":"article","og_title":"Daten-Schutz-NRW - Datenschutz NRW","og_description":"Ihr Spezialist f\u00fcr: Datenschutz, Datenschutzerkl\u00e4rungen, Datenschutzschulungen","og_url":"https:\/\/daten-schutz-nrw.de\/","og_site_name":"Datenschutz NRW","article_modified_time":"2021-11-24T16:28:32+00:00","og_image":[{"url":"https:\/\/daten-schutz-nrw.de\/wp-content\/uploads\/2018\/12\/cropped-banner-beispiel3-2.jpg","type":"","width":"","height":""}],"twitter_card":"summary_large_image","twitter_misc":{"Gesch\u00e4tzte Lesezeit":"1\u00a0Minute"},"schema":{"@context":"https:\/\/schema.org","@graph":[{"@type":"WebPage","@id":"https:\/\/daten-schutz-nrw.de\/","url":"https:\/\/daten-schutz-nrw.de\/","name":"Daten-Schutz-NRW - Datenschutz NRW","isPartOf":{"@id":"https:\/\/daten-schutz-nrw.de\/#website"},"primaryImageOfPage":{"@id":"https:\/\/daten-schutz-nrw.de\/#primaryimage"},"image":{"@id":"https:\/\/daten-schutz-nrw.de\/#primaryimage"},"thumbnailUrl":"https:\/\/daten-schutz-nrw.de\/wp-content\/uploads\/2018\/12\/cropped-banner-beispiel3-2.jpg","datePublished":"2019-02-21T12:52:30+00:00","dateModified":"2021-11-24T16:28:32+00:00","description":"Ihr Spezialist f\u00fcr: Datenschutz, Datenschutzerkl\u00e4rungen, Datenschutzschulungen","breadcrumb":{"@id":"https:\/\/daten-schutz-nrw.de\/#breadcrumb"},"inLanguage":"de","potentialAction":[{"@type":"ReadAction","target":["https:\/\/daten-schutz-nrw.de\/"]}]},{"@type":"ImageObject","inLanguage":"de","@id":"https:\/\/daten-schutz-nrw.de\/#primaryimage","url":"https:\/\/daten-schutz-nrw.de\/wp-content\/uploads\/2018\/12\/cropped-banner-beispiel3-2.jpg","contentUrl":"https:\/\/daten-schutz-nrw.de\/wp-content\/uploads\/2018\/12\/cropped-banner-beispiel3-2.jpg","width":760,"height":405},{"@type":"BreadcrumbList","@id":"https:\/\/daten-schutz-nrw.de\/#breadcrumb","itemListElement":[{"@type":"ListItem","position":1,"name":"Home","item":"https:\/\/daten-schutz-nrw.de\/"},{"@type":"ListItem","position":2,"name":"Front Page"}]},{"@type":"WebSite","@id":"https:\/\/daten-schutz-nrw.de\/#website","url":"https:\/\/daten-schutz-nrw.de\/","name":"Datenschutz NRW","description":"","publisher":{"@id":"https:\/\/daten-schutz-nrw.de\/#organization"},"potentialAction":[{"@type":"SearchAction","target":{"@type":"EntryPoint","urlTemplate":"https:\/\/daten-schutz-nrw.de\/?s={search_term_string}"},"query-input":{"@type":"PropertyValueSpecification","valueRequired":true,"valueName":"search_term_string"}}],"inLanguage":"de"},{"@type":"Organization","@id":"https:\/\/daten-schutz-nrw.de\/#organization","name":"Daten Schutz NRW","url":"https:\/\/daten-schutz-nrw.de\/","logo":{"@type":"ImageObject","inLanguage":"de","@id":"https:\/\/daten-schutz-nrw.de\/#\/schema\/logo\/image\/","url":"https:\/\/daten-schutz-nrw.de\/wp-content\/uploads\/2019\/03\/businessman-2606502.jpg","contentUrl":"https:\/\/daten-schutz-nrw.de\/wp-content\/uploads\/2019\/03\/businessman-2606502.jpg","width":4200,"height":1813,"caption":"Daten Schutz NRW"},"image":{"@id":"https:\/\/daten-schutz-nrw.de\/#\/schema\/logo\/image\/"}}]}},"_links":{"self":[{"href":"https:\/\/daten-schutz-nrw.de\/index.php\/wp-json\/wp\/v2\/pages\/46","targetHints":{"allow":["GET"]}}],"collection":[{"href":"https:\/\/daten-schutz-nrw.de\/index.php\/wp-json\/wp\/v2\/pages"}],"about":[{"href":"https:\/\/daten-schutz-nrw.de\/index.php\/wp-json\/wp\/v2\/types\/page"}],"author":[{"embeddable":true,"href":"https:\/\/daten-schutz-nrw.de\/index.php\/wp-json\/wp\/v2\/users\/1"}],"replies":[{"embeddable":true,"href":"https:\/\/daten-schutz-nrw.de\/index.php\/wp-json\/wp\/v2\/comments?post=46"}],"version-history":[{"count":12,"href":"https:\/\/daten-schutz-nrw.de\/index.php\/wp-json\/wp\/v2\/pages\/46\/revisions"}],"predecessor-version":[{"id":111,"href":"https:\/\/daten-schutz-nrw.de\/index.php\/wp-json\/wp\/v2\/pages\/46\/revisions\/111"}],"wp:attachment":[{"href":"https:\/\/daten-schutz-nrw.de\/index.php\/wp-json\/wp\/v2\/media?parent=46"}],"curies":[{"name":"wp","href":"https:\/\/api.w.org\/{rel}","templated":true}]}}